{"id":246,"date":"2019-05-19T14:57:54","date_gmt":"2019-05-19T12:57:54","guid":{"rendered":"https:\/\/paffen-sicherheit.de\/?page_id=246"},"modified":"2024-08-09T11:30:44","modified_gmt":"2024-08-09T09:30:44","slug":"security-consulting","status":"publish","type":"page","link":"https:\/\/paffen-sicherheit.de\/en\/leistungen\/sicherheitsberatung\/","title":{"rendered":"Security counselling"},"content":{"rendered":"<p>We are experts in all things <strong>Security advice in Cologne and Bonn<\/strong>. Our <a href=\"https:\/\/paffen-sicherheit.de\/en\/\">Security service<\/a> has many years of expertise in the security sector. We know where risks and dangers<strong> <\/strong>is to be expected.<\/p>\n\n\n\n<p>Our sector experience in construction, industry, trade and with public institutions makes us a reliable partner for all security-related issues, such as<\/p>\n\n\n\n<ul class=\"wp-block-list\">\n<li><a style=\"\" href=\"https:\/\/paffen-sicherheit.de\/en\/services\/construction-site-security\/\">Construction site monitoring<\/a><\/li>\n\n\n\n<li><a style=\"\" href=\"https:\/\/paffen-sicherheit.de\/en\/services\/object-protection\/\">Object protection<\/a> and <a href=\"https:\/\/paffen-sicherheit.de\/en\/services\/plant-protection\/\">Site security<\/a><\/li>\n\n\n\n<li><a href=\"https:\/\/paffen-sicherheit.de\/en\/services\/patrol-service-patrol-control\/\">City patrols and neighbourhood checks<\/a><\/li>\n\n\n\n<li><a href=\"https:\/\/paffen-sicherheit.de\/en\/services\/event-protection\/\">Event security<\/a><\/li>\n\n\n\n<li><a href=\"https:\/\/paffen-sicherheit.de\/en\/services\/personal-protection\/\">Personal protection<\/a><\/li>\n\n\n\n<li>Provision of a <a href=\"https:\/\/paffen-sicherheit.de\/en\/services\/shop-detective-doorman\/\">Shop detectives<\/a><\/li>\n\n\n\n<li><a href=\"https:\/\/paffen-sicherheit.de\/en\/services\/fire-watches-and-fire-stations\/\">Fire guard<\/a> and <a href=\"https:\/\/paffen-sicherheit.de\/en\/services\/security-items\/\">Security guard<\/a><\/li>\n<\/ul>\n\n\n\n<p>With us you get <strong>All security services from a single source!<\/strong><\/p>\n\n\n\n<h2 class=\"wp-block-heading\" id=\"h-umfassende-analyse-und-individuelle-sicherheitsberatung\">Comprehensive analysis and personalised security advice<\/h2>\n\n\n\n<p>Take advantage of Paffen's safety advice for your company in the <strong>Cologne, Bonn regions,<\/strong> Aachen, Rhein-Sieg-Kreis, Rhein-Erft-Kreis, D\u00fcsseldorf, Dortmund, Koblenz and Frankfurt. We offer you the protection of plants, buildings, objects, construction sites and people<\/p>\n\n\n\n<ul class=\"wp-block-list\">\n<li>a comprehensive <strong>Risk analysis<\/strong><\/li>\n\n\n\n<li>the identification of specific hazards for your company<\/li>\n\n\n\n<li>Consideration of legal requirements and fire protection specifications<\/li>\n\n\n\n<li>the creation of a <strong>holistic security concept <\/strong>incl. technology recommendations with high quality standards<\/li>\n\n\n\n<li>the development of <strong>Preventive measures<\/strong><\/li>\n\n\n\n<li>the organisation of protection and security services<\/li>\n\n\n\n<li>the implementation of customised security measures that are precisely tailored to your company<\/li>\n<\/ul>\n\n\n\n<h2 class=\"wp-block-heading\" id=\"h-sicherheitsberatung-in-koln-und-bonn-verhindern-werksstillstand-und-umsatzeinbussen\">Security consulting in Cologne and Bonn prevents plant downtime and loss of sales<\/h2>\n\n\n\n<p>At events, make sure you have a <strong>Early security advice<\/strong> for a resilient security concept and smooth operations. Protect yourself from financial damage caused by theft, vandalism and other operational disruptions with advice from our security consultants and security specialists. We also provide companies, retailers and private individuals with comprehensive information on theft and burglary protection and are happy to install the necessary security technology.<\/p>\n\n\n\n<h2 class=\"wp-block-heading\" id=\"h-ihr-paffen-wach-und-sicherheitsdienst-berat-sie-umfassend\">Your Paffen guard and security service will provide you with comprehensive advice<\/h2>\n\n\n\n<p>Of course, we as a company also rely on <strong>Quality and safety. <\/strong>That is why we are certified to DIN77200 level 2 and our quality management is certified to ISO9001-2015.<br>We guarantee you comprehensive and reliable security advice.<\/p>\n\n\n\n<p>Let us advise you and protect your company and your employees from avoidable, costly hazards. Talk to us. Our <strong><a href=\"https:\/\/paffen-sicherheit.de\/en\/locations\/security-service-koblenz\/\">Security Service Koblenz<\/a><\/strong>, <strong>Bonn<\/strong> and <strong>Cologne<\/strong> will be happy to advise you on security.<\/p>","protected":false},"excerpt":{"rendered":"<p>We are experts in security consulting in Cologne and Bonn. Our security service has many years of expertise in the security sector. We know where risks and dangers are to be expected. Our sector experience in construction, industry,...<\/p>","protected":false},"author":1,"featured_media":247,"parent":98,"menu_order":0,"comment_status":"closed","ping_status":"closed","template":"","meta":{"_acf_changed":false,"footnotes":""},"class_list":["post-246","page","type-page","status-publish","has-post-thumbnail","hentry"],"acf":[],"yoast_head":"<!-- This site is optimized with the Yoast SEO Premium plugin v27.4 (Yoast SEO v27.4) - https:\/\/yoast.com\/product\/yoast-seo-premium-wordpress\/ -->\n<title>Sicherheitsberatung K\u00f6ln\/Bonn | Paffen Sicherheitsdienst<\/title>\n<meta name=\"description\" content=\"\u25b6 Setzen Sie auf unsere Sicherheitsfachkraft, um dank einer umfassenden Sicherheitsberatung in K\u00f6ln\/Bonn nachhaltig gesch\u00fctzt zu sein \u2713 Jetzt informieren!\" \/>\n<meta name=\"robots\" content=\"index, follow, max-snippet:-1, max-image-preview:large, max-video-preview:-1\" \/>\n<link rel=\"canonical\" href=\"https:\/\/paffen-sicherheit.de\/en\/services\/security-consulting\/\" \/>\n<meta property=\"og:locale\" content=\"en_GB\" \/>\n<meta property=\"og:type\" content=\"article\" \/>\n<meta property=\"og:title\" content=\"Sicherheitsberatung\" \/>\n<meta property=\"og:description\" content=\"\u25b6 Setzen Sie auf unsere Sicherheitsfachkraft, um dank einer umfassenden Sicherheitsberatung in K\u00f6ln\/Bonn nachhaltig gesch\u00fctzt zu sein \u2713 Jetzt informieren!\" \/>\n<meta property=\"og:url\" content=\"https:\/\/paffen-sicherheit.de\/en\/services\/security-consulting\/\" \/>\n<meta property=\"og:site_name\" content=\"Paffen Sicherheit\" \/>\n<meta property=\"article:publisher\" content=\"https:\/\/www.facebook.com\/paffen.sicherheit\/\" \/>\n<meta property=\"article:modified_time\" content=\"2024-08-09T09:30:44+00:00\" \/>\n<meta property=\"og:image\" content=\"https:\/\/paffen-sicherheit.de\/wp-content\/uploads\/Sicherheitsberatung-Paffen-1.jpg\" \/>\n\t<meta property=\"og:image:width\" content=\"1920\" \/>\n\t<meta property=\"og:image:height\" content=\"774\" \/>\n\t<meta property=\"og:image:type\" content=\"image\/jpeg\" \/>\n<meta name=\"twitter:card\" content=\"summary_large_image\" \/>\n<meta name=\"twitter:site\" content=\"@InfoPaffen\" \/>\n<meta name=\"twitter:label1\" content=\"Estimated reading time\" \/>\n\t<meta name=\"twitter:data1\" content=\"2 minutes\" \/>\n<script type=\"application\/ld+json\" class=\"yoast-schema-graph\">{\"@context\":\"https:\\\/\\\/schema.org\",\"@graph\":[{\"@type\":\"WebPage\",\"@id\":\"https:\\\/\\\/paffen-sicherheit.de\\\/en\\\/wp-json\\\/wp\\\/v2\\\/pages\\\/246\",\"url\":\"https:\\\/\\\/paffen-sicherheit.de\\\/en\\\/wp-json\\\/wp\\\/v2\\\/pages\\\/246\",\"name\":\"Sicherheitsberatung K\u00f6ln\\\/Bonn | Paffen Sicherheitsdienst\",\"isPartOf\":{\"@id\":\"https:\\\/\\\/paffen-sicherheit.de\\\/en\\\/#website\"},\"primaryImageOfPage\":{\"@id\":\"https:\\\/\\\/paffen-sicherheit.de\\\/en\\\/wp-json\\\/wp\\\/v2\\\/pages\\\/246\\\/#primaryimage\"},\"image\":{\"@id\":\"https:\\\/\\\/paffen-sicherheit.de\\\/en\\\/wp-json\\\/wp\\\/v2\\\/pages\\\/246\\\/#primaryimage\"},\"thumbnailUrl\":\"https:\\\/\\\/paffen-sicherheit.de\\\/wp-content\\\/uploads\\\/Sicherheitsberatung-Paffen-1.jpg\",\"datePublished\":\"2019-05-19T12:57:54+00:00\",\"dateModified\":\"2024-08-09T09:30:44+00:00\",\"description\":\"\u25b6 Setzen Sie auf unsere Sicherheitsfachkraft, um dank einer umfassenden Sicherheitsberatung in K\u00f6ln\\\/Bonn nachhaltig gesch\u00fctzt zu sein \u2713 Jetzt informieren!\",\"breadcrumb\":{\"@id\":\"https:\\\/\\\/paffen-sicherheit.de\\\/en\\\/wp-json\\\/wp\\\/v2\\\/pages\\\/246\\\/#breadcrumb\"},\"inLanguage\":\"en-GB\",\"potentialAction\":[{\"@type\":\"ReadAction\",\"target\":[\"https:\\\/\\\/paffen-sicherheit.de\\\/en\\\/wp-json\\\/wp\\\/v2\\\/pages\\\/246\"]}]},{\"@type\":\"ImageObject\",\"inLanguage\":\"en-GB\",\"@id\":\"https:\\\/\\\/paffen-sicherheit.de\\\/en\\\/wp-json\\\/wp\\\/v2\\\/pages\\\/246\\\/#primaryimage\",\"url\":\"https:\\\/\\\/paffen-sicherheit.de\\\/wp-content\\\/uploads\\\/Sicherheitsberatung-Paffen-1.jpg\",\"contentUrl\":\"https:\\\/\\\/paffen-sicherheit.de\\\/wp-content\\\/uploads\\\/Sicherheitsberatung-Paffen-1.jpg\",\"width\":1920,\"height\":774,\"caption\":\"An der Sicherheit sparen wir nicht. Wir investieren in Pr\u00e4vention, statt Sicherheitsl\u00fccken sp\u00e4ter teuer zu bezahlen.\"},{\"@type\":\"BreadcrumbList\",\"@id\":\"https:\\\/\\\/paffen-sicherheit.de\\\/en\\\/wp-json\\\/wp\\\/v2\\\/pages\\\/246\\\/#breadcrumb\",\"itemListElement\":[{\"@type\":\"ListItem\",\"position\":1,\"name\":\"Start\",\"item\":\"https:\\\/\\\/paffen-sicherheit.de\\\/en\\\/\"},{\"@type\":\"ListItem\",\"position\":2,\"name\":\"Leistungen\",\"item\":\"https:\\\/\\\/paffen-sicherheit.de\\\/en\\\/services\\\/\"},{\"@type\":\"ListItem\",\"position\":3,\"name\":\"Sicherheitsberatung\"}]},{\"@type\":\"WebSite\",\"@id\":\"https:\\\/\\\/paffen-sicherheit.de\\\/en\\\/#website\",\"url\":\"https:\\\/\\\/paffen-sicherheit.de\\\/en\\\/\",\"name\":\"Paffen Sicherheit\",\"description\":\"\",\"publisher\":{\"@id\":\"https:\\\/\\\/paffen-sicherheit.de\\\/en\\\/#organization\"},\"potentialAction\":[{\"@type\":\"SearchAction\",\"target\":{\"@type\":\"EntryPoint\",\"urlTemplate\":\"https:\\\/\\\/paffen-sicherheit.de\\\/en\\\/?s={search_term_string}\"},\"query-input\":{\"@type\":\"PropertyValueSpecification\",\"valueRequired\":true,\"valueName\":\"search_term_string\"}}],\"inLanguage\":\"en-GB\"},{\"@type\":\"Organization\",\"@id\":\"https:\\\/\\\/paffen-sicherheit.de\\\/en\\\/#organization\",\"name\":\"Paffen Wach- und Sicherheitsdienst GmbH\",\"alternateName\":\"Paffen Sicherheitsdienst\",\"url\":\"https:\\\/\\\/paffen-sicherheit.de\\\/en\\\/\",\"logo\":{\"@type\":\"ImageObject\",\"inLanguage\":\"en-GB\",\"@id\":\"https:\\\/\\\/paffen-sicherheit.de\\\/en\\\/#\\\/schema\\\/logo\\\/image\\\/\",\"url\":\"https:\\\/\\\/paffen-sicherheit.de\\\/wp-content\\\/uploads\\\/cropped-paffenfavicon2.0.png\",\"contentUrl\":\"https:\\\/\\\/paffen-sicherheit.de\\\/wp-content\\\/uploads\\\/cropped-paffenfavicon2.0.png\",\"width\":512,\"height\":512,\"caption\":\"Paffen Wach- und Sicherheitsdienst GmbH\"},\"image\":{\"@id\":\"https:\\\/\\\/paffen-sicherheit.de\\\/en\\\/#\\\/schema\\\/logo\\\/image\\\/\"},\"sameAs\":[\"https:\\\/\\\/www.facebook.com\\\/paffen.sicherheit\\\/\",\"https:\\\/\\\/x.com\\\/InfoPaffen\",\"https:\\\/\\\/www.instagram.com\\\/paffensicherheit\\\/\",\"https:\\\/\\\/www.linkedin.com\\\/company\\\/paffen-wach-und-sicherheitsdienst-gmbh\\\/\"],\"description\":\"Lokal ans\u00e4ssiger Sicherheitsdienst f\u00fcr den Gro\u00dfraum NRW mit Standorten in Bonn, K\u00f6ln, D\u00fcsseldorf, Duisburg, Koblenz und Essen. Als mittelst\u00e4ndische, zertifizierte Sicherheitsfirma ist Paffen Wachdienst & Sicherheitsdienst f\u00fcr Gesch\u00e4fts- wie Privatkunden der erste Ansprechpartner f\u00fcr alle sicherheitsrelevanten Themen im Bereich Objektschutz, Werkschutz, Personenschutz, sowie Veranstaltungsschutz. Ladendetektiv und Sicherungsposten.\",\"email\":\"info@paffen-sicherheit.de\",\"telephone\":\"0228 97 27 55 36\",\"legalName\":\"Paffen Wach- und Sicherheitsdienst GmbH\"}]}<\/script>\n<!-- \/ Yoast SEO Premium plugin. -->","yoast_head_json":{"title":"Security Consultancy Cologne\/Bonn | Paffen Security Service","description":"\u25b6 Rely on our security experts to provide you with lasting protection thanks to comprehensive security advice in Cologne\/Bonn \u2713 Find out more now!","robots":{"index":"index","follow":"follow","max-snippet":"max-snippet:-1","max-image-preview":"max-image-preview:large","max-video-preview":"max-video-preview:-1"},"canonical":"https:\/\/paffen-sicherheit.de\/en\/services\/security-consulting\/","og_locale":"en_GB","og_type":"article","og_title":"Sicherheitsberatung","og_description":"\u25b6 Setzen Sie auf unsere Sicherheitsfachkraft, um dank einer umfassenden Sicherheitsberatung in K\u00f6ln\/Bonn nachhaltig gesch\u00fctzt zu sein \u2713 Jetzt informieren!","og_url":"https:\/\/paffen-sicherheit.de\/en\/services\/security-consulting\/","og_site_name":"Paffen Sicherheit","article_publisher":"https:\/\/www.facebook.com\/paffen.sicherheit\/","article_modified_time":"2024-08-09T09:30:44+00:00","og_image":[{"width":1920,"height":774,"url":"https:\/\/paffen-sicherheit.de\/wp-content\/uploads\/Sicherheitsberatung-Paffen-1.jpg","type":"image\/jpeg"}],"twitter_card":"summary_large_image","twitter_site":"@InfoPaffen","twitter_misc":{"Estimated reading time":"2 minutes"},"schema":{"@context":"https:\/\/schema.org","@graph":[{"@type":"WebPage","@id":"https:\/\/paffen-sicherheit.de\/en\/wp-json\/wp\/v2\/pages\/246","url":"https:\/\/paffen-sicherheit.de\/en\/wp-json\/wp\/v2\/pages\/246","name":"Security Consultancy Cologne\/Bonn | Paffen Security Service","isPartOf":{"@id":"https:\/\/paffen-sicherheit.de\/en\/#website"},"primaryImageOfPage":{"@id":"https:\/\/paffen-sicherheit.de\/en\/wp-json\/wp\/v2\/pages\/246\/#primaryimage"},"image":{"@id":"https:\/\/paffen-sicherheit.de\/en\/wp-json\/wp\/v2\/pages\/246\/#primaryimage"},"thumbnailUrl":"https:\/\/paffen-sicherheit.de\/wp-content\/uploads\/Sicherheitsberatung-Paffen-1.jpg","datePublished":"2019-05-19T12:57:54+00:00","dateModified":"2024-08-09T09:30:44+00:00","description":"\u25b6 Rely on our security experts to provide you with lasting protection thanks to comprehensive security advice in Cologne\/Bonn \u2713 Find out more now!","breadcrumb":{"@id":"https:\/\/paffen-sicherheit.de\/en\/wp-json\/wp\/v2\/pages\/246\/#breadcrumb"},"inLanguage":"en-GB","potentialAction":[{"@type":"ReadAction","target":["https:\/\/paffen-sicherheit.de\/en\/wp-json\/wp\/v2\/pages\/246"]}]},{"@type":"ImageObject","inLanguage":"en-GB","@id":"https:\/\/paffen-sicherheit.de\/en\/wp-json\/wp\/v2\/pages\/246\/#primaryimage","url":"https:\/\/paffen-sicherheit.de\/wp-content\/uploads\/Sicherheitsberatung-Paffen-1.jpg","contentUrl":"https:\/\/paffen-sicherheit.de\/wp-content\/uploads\/Sicherheitsberatung-Paffen-1.jpg","width":1920,"height":774,"caption":"An der Sicherheit sparen wir nicht. Wir investieren in Pr\u00e4vention, statt Sicherheitsl\u00fccken sp\u00e4ter teuer zu bezahlen."},{"@type":"BreadcrumbList","@id":"https:\/\/paffen-sicherheit.de\/en\/wp-json\/wp\/v2\/pages\/246\/#breadcrumb","itemListElement":[{"@type":"ListItem","position":1,"name":"Start","item":"https:\/\/paffen-sicherheit.de\/en\/"},{"@type":"ListItem","position":2,"name":"Leistungen","item":"https:\/\/paffen-sicherheit.de\/en\/services\/"},{"@type":"ListItem","position":3,"name":"Sicherheitsberatung"}]},{"@type":"WebSite","@id":"https:\/\/paffen-sicherheit.de\/en\/#website","url":"https:\/\/paffen-sicherheit.de\/en\/","name":"Paffen Security","description":"","publisher":{"@id":"https:\/\/paffen-sicherheit.de\/en\/#organization"},"potentialAction":[{"@type":"SearchAction","target":{"@type":"EntryPoint","urlTemplate":"https:\/\/paffen-sicherheit.de\/en\/?s={search_term_string}"},"query-input":{"@type":"PropertyValueSpecification","valueRequired":true,"valueName":"search_term_string"}}],"inLanguage":"en-GB"},{"@type":"Organization","@id":"https:\/\/paffen-sicherheit.de\/en\/#organization","name":"Paffen Security Services GmbH","alternateName":"Paffen Sicherheitsdienst","url":"https:\/\/paffen-sicherheit.de\/en\/","logo":{"@type":"ImageObject","inLanguage":"en-GB","@id":"https:\/\/paffen-sicherheit.de\/en\/#\/schema\/logo\/image\/","url":"https:\/\/paffen-sicherheit.de\/wp-content\/uploads\/cropped-paffenfavicon2.0.png","contentUrl":"https:\/\/paffen-sicherheit.de\/wp-content\/uploads\/cropped-paffenfavicon2.0.png","width":512,"height":512,"caption":"Paffen Wach- und Sicherheitsdienst GmbH"},"image":{"@id":"https:\/\/paffen-sicherheit.de\/en\/#\/schema\/logo\/image\/"},"sameAs":["https:\/\/www.facebook.com\/paffen.sicherheit\/","https:\/\/x.com\/InfoPaffen","https:\/\/www.instagram.com\/paffensicherheit\/","https:\/\/www.linkedin.com\/company\/paffen-wach-und-sicherheitsdienst-gmbh\/"],"description":"Local security service for the wider NRW region with locations in Bonn, Cologne, D\u00fcsseldorf, Duisburg, Koblenz, and Essen. As a medium-sized, certified security company, Paffen Wachdienst &amp; Sicherheitsdienst is the first point of contact for both business and private clients for all security-related matters in the areas of property protection, industrial security, personal protection, and event security. Store detective and safety guard.","email":"info@paffen-sicherheit.de","telephone":"0228 97 27 55 36","legalName":"Paffen Wach- und Sicherheitsdienst GmbH"}]}},"_links":{"self":[{"href":"https:\/\/paffen-sicherheit.de\/en\/wp-json\/wp\/v2\/pages\/246","targetHints":{"allow":["GET"]}}],"collection":[{"href":"https:\/\/paffen-sicherheit.de\/en\/wp-json\/wp\/v2\/pages"}],"about":[{"href":"https:\/\/paffen-sicherheit.de\/en\/wp-json\/wp\/v2\/types\/page"}],"author":[{"embeddable":true,"href":"https:\/\/paffen-sicherheit.de\/en\/wp-json\/wp\/v2\/users\/1"}],"replies":[{"embeddable":true,"href":"https:\/\/paffen-sicherheit.de\/en\/wp-json\/wp\/v2\/comments?post=246"}],"version-history":[{"count":0,"href":"https:\/\/paffen-sicherheit.de\/en\/wp-json\/wp\/v2\/pages\/246\/revisions"}],"up":[{"embeddable":true,"href":"https:\/\/paffen-sicherheit.de\/en\/wp-json\/wp\/v2\/pages\/98"}],"wp:featuredmedia":[{"embeddable":true,"href":"https:\/\/paffen-sicherheit.de\/en\/wp-json\/wp\/v2\/media\/247"}],"wp:attachment":[{"href":"https:\/\/paffen-sicherheit.de\/en\/wp-json\/wp\/v2\/media?parent=246"}],"curies":[{"name":"wp","href":"https:\/\/api.w.org\/{rel}","templated":true}]}}