{"id":308,"date":"2019-05-19T19:43:12","date_gmt":"2019-05-19T17:43:12","guid":{"rendered":"https:\/\/paffen-sicherheit.de\/?page_id=308"},"modified":"2025-01-17T15:21:28","modified_gmt":"2025-01-17T14:21:28","slug":"event-protection-bonn","status":"publish","type":"page","link":"https:\/\/paffen-sicherheit.de\/en\/standorte\/sicherheitsdienst-bonn\/veranstaltungsschutz-bonn\/","title":{"rendered":"Event security Bonn"},"content":{"rendered":"","protected":false},"excerpt":{"rendered":"","protected":false},"author":1,"featured_media":6324,"parent":6783,"menu_order":0,"comment_status":"closed","ping_status":"closed","template":"","meta":{"_acf_changed":false,"footnotes":""},"class_list":["post-308","page","type-page","status-publish","has-post-thumbnail","hentry"],"acf":[],"yoast_head":"<!-- This site is optimized with the Yoast SEO Premium plugin v27.4 (Yoast SEO v27.4) - https:\/\/yoast.com\/product\/yoast-seo-premium-wordpress\/ -->\n<title>Veranstaltungsschutz Bonn | Paffen Sicherheit<\/title>\n<meta name=\"description\" content=\"\u25b6 Veranstaltungsschutz in Bonn gesucht? \u2713 aussagekr\u00e4ftige Referenzen \u2713 zertifiziert \u2713 Gerne erstellen wir Ihnen ein unverbindliches Angebot!\" \/>\n<meta name=\"robots\" content=\"index, follow, max-snippet:-1, max-image-preview:large, max-video-preview:-1\" \/>\n<link rel=\"canonical\" href=\"https:\/\/paffen-sicherheit.de\/en\/locations\/security-service-bonn\/event-protection-bonn\/\" \/>\n<meta property=\"og:locale\" content=\"en_GB\" \/>\n<meta property=\"og:type\" content=\"article\" \/>\n<meta property=\"og:title\" content=\"Veranstaltungsschutz Bonn\" \/>\n<meta property=\"og:description\" content=\"\u25b6 Veranstaltungsschutz in Bonn gesucht? \u2713 aussagekr\u00e4ftige Referenzen \u2713 zertifiziert \u2713 Gerne erstellen wir Ihnen ein unverbindliches Angebot!\" \/>\n<meta property=\"og:url\" content=\"https:\/\/paffen-sicherheit.de\/en\/locations\/security-service-bonn\/event-protection-bonn\/\" \/>\n<meta property=\"og:site_name\" content=\"Paffen Sicherheit\" \/>\n<meta property=\"article:publisher\" content=\"https:\/\/www.facebook.com\/paffen.sicherheit\/\" \/>\n<meta property=\"article:modified_time\" content=\"2025-01-17T14:21:28+00:00\" \/>\n<meta property=\"og:image\" content=\"https:\/\/paffen-sicherheit.de\/wp-content\/uploads\/Veranstaltungsschutz-Bonn.jpg\" \/>\n\t<meta property=\"og:image:width\" content=\"1280\" \/>\n\t<meta property=\"og:image:height\" content=\"800\" \/>\n\t<meta property=\"og:image:type\" content=\"image\/jpeg\" \/>\n<meta name=\"twitter:card\" content=\"summary_large_image\" \/>\n<meta name=\"twitter:site\" content=\"@InfoPaffen\" \/>\n<meta name=\"twitter:label1\" content=\"Estimated reading time\" \/>\n\t<meta name=\"twitter:data1\" content=\"1 minute\" \/>\n<script type=\"application\/ld+json\" class=\"yoast-schema-graph\">{\"@context\":\"https:\\\/\\\/schema.org\",\"@graph\":[{\"@type\":\"WebPage\",\"@id\":\"https:\\\/\\\/paffen-sicherheit.de\\\/en\\\/wp-json\\\/wp\\\/v2\\\/pages\\\/308\",\"url\":\"https:\\\/\\\/paffen-sicherheit.de\\\/en\\\/wp-json\\\/wp\\\/v2\\\/pages\\\/308\",\"name\":\"Veranstaltungsschutz Bonn | Paffen Sicherheit\",\"isPartOf\":{\"@id\":\"https:\\\/\\\/paffen-sicherheit.de\\\/en\\\/#website\"},\"primaryImageOfPage\":{\"@id\":\"https:\\\/\\\/paffen-sicherheit.de\\\/en\\\/wp-json\\\/wp\\\/v2\\\/pages\\\/308\\\/#primaryimage\"},\"image\":{\"@id\":\"https:\\\/\\\/paffen-sicherheit.de\\\/en\\\/wp-json\\\/wp\\\/v2\\\/pages\\\/308\\\/#primaryimage\"},\"thumbnailUrl\":\"https:\\\/\\\/paffen-sicherheit.de\\\/wp-content\\\/uploads\\\/Veranstaltungsschutz-Bonn.jpg\",\"datePublished\":\"2019-05-19T17:43:12+00:00\",\"dateModified\":\"2025-01-17T14:21:28+00:00\",\"description\":\"\u25b6 Veranstaltungsschutz in Bonn gesucht? \u2713 aussagekr\u00e4ftige Referenzen \u2713 zertifiziert \u2713 Gerne erstellen wir Ihnen ein unverbindliches Angebot!\",\"breadcrumb\":{\"@id\":\"https:\\\/\\\/paffen-sicherheit.de\\\/en\\\/wp-json\\\/wp\\\/v2\\\/pages\\\/308\\\/#breadcrumb\"},\"inLanguage\":\"en-GB\",\"potentialAction\":[{\"@type\":\"ReadAction\",\"target\":[\"https:\\\/\\\/paffen-sicherheit.de\\\/en\\\/wp-json\\\/wp\\\/v2\\\/pages\\\/308\"]}]},{\"@type\":\"ImageObject\",\"inLanguage\":\"en-GB\",\"@id\":\"https:\\\/\\\/paffen-sicherheit.de\\\/en\\\/wp-json\\\/wp\\\/v2\\\/pages\\\/308\\\/#primaryimage\",\"url\":\"https:\\\/\\\/paffen-sicherheit.de\\\/wp-content\\\/uploads\\\/Veranstaltungsschutz-Bonn.jpg\",\"contentUrl\":\"https:\\\/\\\/paffen-sicherheit.de\\\/wp-content\\\/uploads\\\/Veranstaltungsschutz-Bonn.jpg\",\"width\":1280,\"height\":800,\"caption\":\"Wir sichern Ihre Veranstaltung in Bonn und Umgebung.\"},{\"@type\":\"BreadcrumbList\",\"@id\":\"https:\\\/\\\/paffen-sicherheit.de\\\/en\\\/wp-json\\\/wp\\\/v2\\\/pages\\\/308\\\/#breadcrumb\",\"itemListElement\":[{\"@type\":\"ListItem\",\"position\":1,\"name\":\"Start\",\"item\":\"https:\\\/\\\/paffen-sicherheit.de\\\/en\\\/\"},{\"@type\":\"ListItem\",\"position\":2,\"name\":\"Standorte\",\"item\":\"https:\\\/\\\/paffen-sicherheit.de\\\/en\\\/locations\\\/\"},{\"@type\":\"ListItem\",\"position\":3,\"name\":\"Sicherheitsdienst Bonn\",\"item\":\"https:\\\/\\\/paffen-sicherheit.de\\\/en\\\/locations\\\/security-service-bonn\\\/\"},{\"@type\":\"ListItem\",\"position\":4,\"name\":\"Veranstaltungsschutz Bonn\"}]},{\"@type\":\"WebSite\",\"@id\":\"https:\\\/\\\/paffen-sicherheit.de\\\/en\\\/#website\",\"url\":\"https:\\\/\\\/paffen-sicherheit.de\\\/en\\\/\",\"name\":\"Paffen Sicherheit\",\"description\":\"\",\"publisher\":{\"@id\":\"https:\\\/\\\/paffen-sicherheit.de\\\/en\\\/#organization\"},\"potentialAction\":[{\"@type\":\"SearchAction\",\"target\":{\"@type\":\"EntryPoint\",\"urlTemplate\":\"https:\\\/\\\/paffen-sicherheit.de\\\/en\\\/?s={search_term_string}\"},\"query-input\":{\"@type\":\"PropertyValueSpecification\",\"valueRequired\":true,\"valueName\":\"search_term_string\"}}],\"inLanguage\":\"en-GB\"},{\"@type\":\"Organization\",\"@id\":\"https:\\\/\\\/paffen-sicherheit.de\\\/en\\\/#organization\",\"name\":\"Paffen Wach- und Sicherheitsdienst GmbH\",\"alternateName\":\"Paffen Sicherheitsdienst\",\"url\":\"https:\\\/\\\/paffen-sicherheit.de\\\/en\\\/\",\"logo\":{\"@type\":\"ImageObject\",\"inLanguage\":\"en-GB\",\"@id\":\"https:\\\/\\\/paffen-sicherheit.de\\\/en\\\/#\\\/schema\\\/logo\\\/image\\\/\",\"url\":\"https:\\\/\\\/paffen-sicherheit.de\\\/wp-content\\\/uploads\\\/cropped-paffenfavicon2.0.png\",\"contentUrl\":\"https:\\\/\\\/paffen-sicherheit.de\\\/wp-content\\\/uploads\\\/cropped-paffenfavicon2.0.png\",\"width\":512,\"height\":512,\"caption\":\"Paffen Wach- und Sicherheitsdienst GmbH\"},\"image\":{\"@id\":\"https:\\\/\\\/paffen-sicherheit.de\\\/en\\\/#\\\/schema\\\/logo\\\/image\\\/\"},\"sameAs\":[\"https:\\\/\\\/www.facebook.com\\\/paffen.sicherheit\\\/\",\"https:\\\/\\\/x.com\\\/InfoPaffen\",\"https:\\\/\\\/www.instagram.com\\\/paffensicherheit\\\/\",\"https:\\\/\\\/www.linkedin.com\\\/company\\\/paffen-wach-und-sicherheitsdienst-gmbh\\\/\"],\"description\":\"Lokal ans\u00e4ssiger Sicherheitsdienst f\u00fcr den Gro\u00dfraum NRW mit Standorten in Bonn, K\u00f6ln, D\u00fcsseldorf, Duisburg, Koblenz und Essen. Als mittelst\u00e4ndische, zertifizierte Sicherheitsfirma ist Paffen Wachdienst & Sicherheitsdienst f\u00fcr Gesch\u00e4fts- wie Privatkunden der erste Ansprechpartner f\u00fcr alle sicherheitsrelevanten Themen im Bereich Objektschutz, Werkschutz, Personenschutz, sowie Veranstaltungsschutz. Ladendetektiv und Sicherungsposten.\",\"email\":\"info@paffen-sicherheit.de\",\"telephone\":\"0228 97 27 55 36\",\"legalName\":\"Paffen Wach- und Sicherheitsdienst GmbH\"}]}<\/script>\n<!-- \/ Yoast SEO Premium plugin. -->","yoast_head_json":{"title":"Event security Bonn | Paffen Sicherheit","description":"\u25b6 Looking for event security in Bonn? \u2713 meaningful references \u2713 certified \u2713 We would be happy to provide you with a non-binding offer!","robots":{"index":"index","follow":"follow","max-snippet":"max-snippet:-1","max-image-preview":"max-image-preview:large","max-video-preview":"max-video-preview:-1"},"canonical":"https:\/\/paffen-sicherheit.de\/en\/locations\/security-service-bonn\/event-protection-bonn\/","og_locale":"en_GB","og_type":"article","og_title":"Veranstaltungsschutz Bonn","og_description":"\u25b6 Veranstaltungsschutz in Bonn gesucht? \u2713 aussagekr\u00e4ftige Referenzen \u2713 zertifiziert \u2713 Gerne erstellen wir Ihnen ein unverbindliches Angebot!","og_url":"https:\/\/paffen-sicherheit.de\/en\/locations\/security-service-bonn\/event-protection-bonn\/","og_site_name":"Paffen Sicherheit","article_publisher":"https:\/\/www.facebook.com\/paffen.sicherheit\/","article_modified_time":"2025-01-17T14:21:28+00:00","og_image":[{"width":1280,"height":800,"url":"https:\/\/paffen-sicherheit.de\/wp-content\/uploads\/Veranstaltungsschutz-Bonn.jpg","type":"image\/jpeg"}],"twitter_card":"summary_large_image","twitter_site":"@InfoPaffen","twitter_misc":{"Estimated reading time":"1 minute"},"schema":{"@context":"https:\/\/schema.org","@graph":[{"@type":"WebPage","@id":"https:\/\/paffen-sicherheit.de\/en\/wp-json\/wp\/v2\/pages\/308","url":"https:\/\/paffen-sicherheit.de\/en\/wp-json\/wp\/v2\/pages\/308","name":"Event security Bonn | Paffen Sicherheit","isPartOf":{"@id":"https:\/\/paffen-sicherheit.de\/en\/#website"},"primaryImageOfPage":{"@id":"https:\/\/paffen-sicherheit.de\/en\/wp-json\/wp\/v2\/pages\/308\/#primaryimage"},"image":{"@id":"https:\/\/paffen-sicherheit.de\/en\/wp-json\/wp\/v2\/pages\/308\/#primaryimage"},"thumbnailUrl":"https:\/\/paffen-sicherheit.de\/wp-content\/uploads\/Veranstaltungsschutz-Bonn.jpg","datePublished":"2019-05-19T17:43:12+00:00","dateModified":"2025-01-17T14:21:28+00:00","description":"\u25b6 Looking for event security in Bonn? \u2713 meaningful references \u2713 certified \u2713 We would be happy to provide you with a non-binding offer!","breadcrumb":{"@id":"https:\/\/paffen-sicherheit.de\/en\/wp-json\/wp\/v2\/pages\/308\/#breadcrumb"},"inLanguage":"en-GB","potentialAction":[{"@type":"ReadAction","target":["https:\/\/paffen-sicherheit.de\/en\/wp-json\/wp\/v2\/pages\/308"]}]},{"@type":"ImageObject","inLanguage":"en-GB","@id":"https:\/\/paffen-sicherheit.de\/en\/wp-json\/wp\/v2\/pages\/308\/#primaryimage","url":"https:\/\/paffen-sicherheit.de\/wp-content\/uploads\/Veranstaltungsschutz-Bonn.jpg","contentUrl":"https:\/\/paffen-sicherheit.de\/wp-content\/uploads\/Veranstaltungsschutz-Bonn.jpg","width":1280,"height":800,"caption":"Wir sichern Ihre Veranstaltung in Bonn und Umgebung."},{"@type":"BreadcrumbList","@id":"https:\/\/paffen-sicherheit.de\/en\/wp-json\/wp\/v2\/pages\/308\/#breadcrumb","itemListElement":[{"@type":"ListItem","position":1,"name":"Start","item":"https:\/\/paffen-sicherheit.de\/en\/"},{"@type":"ListItem","position":2,"name":"Standorte","item":"https:\/\/paffen-sicherheit.de\/en\/locations\/"},{"@type":"ListItem","position":3,"name":"Sicherheitsdienst Bonn","item":"https:\/\/paffen-sicherheit.de\/en\/locations\/security-service-bonn\/"},{"@type":"ListItem","position":4,"name":"Veranstaltungsschutz Bonn"}]},{"@type":"WebSite","@id":"https:\/\/paffen-sicherheit.de\/en\/#website","url":"https:\/\/paffen-sicherheit.de\/en\/","name":"Paffen Security","description":"","publisher":{"@id":"https:\/\/paffen-sicherheit.de\/en\/#organization"},"potentialAction":[{"@type":"SearchAction","target":{"@type":"EntryPoint","urlTemplate":"https:\/\/paffen-sicherheit.de\/en\/?s={search_term_string}"},"query-input":{"@type":"PropertyValueSpecification","valueRequired":true,"valueName":"search_term_string"}}],"inLanguage":"en-GB"},{"@type":"Organization","@id":"https:\/\/paffen-sicherheit.de\/en\/#organization","name":"Paffen Security Services GmbH","alternateName":"Paffen Sicherheitsdienst","url":"https:\/\/paffen-sicherheit.de\/en\/","logo":{"@type":"ImageObject","inLanguage":"en-GB","@id":"https:\/\/paffen-sicherheit.de\/en\/#\/schema\/logo\/image\/","url":"https:\/\/paffen-sicherheit.de\/wp-content\/uploads\/cropped-paffenfavicon2.0.png","contentUrl":"https:\/\/paffen-sicherheit.de\/wp-content\/uploads\/cropped-paffenfavicon2.0.png","width":512,"height":512,"caption":"Paffen Wach- und Sicherheitsdienst GmbH"},"image":{"@id":"https:\/\/paffen-sicherheit.de\/en\/#\/schema\/logo\/image\/"},"sameAs":["https:\/\/www.facebook.com\/paffen.sicherheit\/","https:\/\/x.com\/InfoPaffen","https:\/\/www.instagram.com\/paffensicherheit\/","https:\/\/www.linkedin.com\/company\/paffen-wach-und-sicherheitsdienst-gmbh\/"],"description":"Local security service for the wider NRW region with locations in Bonn, Cologne, D\u00fcsseldorf, Duisburg, Koblenz, and Essen. As a medium-sized, certified security company, Paffen Wachdienst &amp; Sicherheitsdienst is the first point of contact for both business and private clients for all security-related matters in the areas of property protection, industrial security, personal protection, and event security. Store detective and safety guard.","email":"info@paffen-sicherheit.de","telephone":"0228 97 27 55 36","legalName":"Paffen Wach- und Sicherheitsdienst GmbH"}]}},"_links":{"self":[{"href":"https:\/\/paffen-sicherheit.de\/en\/wp-json\/wp\/v2\/pages\/308","targetHints":{"allow":["GET"]}}],"collection":[{"href":"https:\/\/paffen-sicherheit.de\/en\/wp-json\/wp\/v2\/pages"}],"about":[{"href":"https:\/\/paffen-sicherheit.de\/en\/wp-json\/wp\/v2\/types\/page"}],"author":[{"embeddable":true,"href":"https:\/\/paffen-sicherheit.de\/en\/wp-json\/wp\/v2\/users\/1"}],"replies":[{"embeddable":true,"href":"https:\/\/paffen-sicherheit.de\/en\/wp-json\/wp\/v2\/comments?post=308"}],"version-history":[{"count":0,"href":"https:\/\/paffen-sicherheit.de\/en\/wp-json\/wp\/v2\/pages\/308\/revisions"}],"up":[{"embeddable":true,"href":"https:\/\/paffen-sicherheit.de\/en\/wp-json\/wp\/v2\/pages\/6783"}],"wp:featuredmedia":[{"embeddable":true,"href":"https:\/\/paffen-sicherheit.de\/en\/wp-json\/wp\/v2\/media\/6324"}],"wp:attachment":[{"href":"https:\/\/paffen-sicherheit.de\/en\/wp-json\/wp\/v2\/media?parent=308"}],"curies":[{"name":"wp","href":"https:\/\/api.w.org\/{rel}","templated":true}]}}