{"id":6472,"date":"2019-05-30T18:41:57","date_gmt":"2019-05-30T16:41:57","guid":{"rendered":"https:\/\/paffen-sicherheit.de\/?page_id=6472"},"modified":"2024-08-05T16:37:42","modified_gmt":"2024-08-05T14:37:42","slug":"imprint","status":"publish","type":"page","link":"https:\/\/paffen-sicherheit.de\/en\/impressum\/","title":{"rendered":"Imprint"},"content":{"rendered":"<p>Paffen Security Services GmbH<br>Ubierstra\u00dfe 78<br>53173 Bonn<\/p>\n\n\n\n<p><strong>Represented by:<\/strong><br>Timo Paffen<\/p>\n\n\n\n<h2 class=\"wp-block-heading\" id=\"h-kontakt\">Contact:<\/h2>\n\n\n\n<p>Telephone <a href=\"tel:004922897275536\">0228 97 27 55 36<\/a><br> e-mail: <a href=\"mailto:info@paffen-sicherheit.de\">info@paffen-sicherheit.de<\/a><\/p>\n\n\n\n<h2 class=\"wp-block-heading\" id=\"h-registereintrag\">Register entry:<\/h2>\n\n\n\n<p>Entry in the commercial register. <br>Register court: Bonn Local Court<br>Register number: HRB 21817<br><br><strong>Licence according to \u00a7 34 a Abs. 1 GewO, supervisory authority:<\/strong><br>Rheinbach Town Council, Trade Licensing Office, Schweigelstra\u00dfe 23, 53359 Rheinbach&nbsp;<\/p>\n\n\n\n<h2 class=\"wp-block-heading\" id=\"h-umsatzsteuer\">Value added tax:<\/h2>\n\n\n\n<p>Sales tax identification number according to \u00a727 a sales tax law:<br>\nDE302125625<\/p>\n\n\n\n<h2 class=\"wp-block-heading\" id=\"h-verantwortlich-fur-den-inhalt-nach-18-abs-2-mstv\">Responsible for the content according to \u00a7 18 Abs. 2 MStV:<\/h2>\n\n\n\n<p>Paffen Security Services GmbH<br>Ubierstra\u00dfe 78<br>53173 Bonn<br> <br> Managing Director: Timo Paffen<\/p>\n\n\n\n<p><strong>List of sources \/ image sources:<\/strong><br>\u00a9 industrieblick \/ fotolia.com (84080535\/177565151\/129126524)<br>\u00a9 astrosystem \/ fotolia.com (105327704)<br>\u00a9 NEWS&amp;ART \/ fotolia.com (145336765)<br>\u00a9 Rawpixel.com \/ fotolia.com (110817368)<br>\u00a9 bernardbodo \/ fotolia.com (162503507)<br>\u00a9 Robert Kneschke \/ fotolia.com (144231476)<br>\u00a9 Calado \/ fotolia.com (113798120)<br>\u00a9 michaeljung \/ fotolia.com (97152411)<br>\u00a9 denisismagilov \/ fotolia.com (174771855)<br>\u00a9 Andrey Popov \/ fotolia.com (96311260\/133968857\/116906518)<br>\u00a9 nuzza11 \/ fotolia.com (175353898)<br>\u00a9 JenkoAtaman \/ fotolia.com (180664932)<br>\u00a9 oneinchpunch \/ fotolia.com (141125834)<br>\u00a9 hedgehog94 \/ fotolia.com (180354803)<br>\u00a9 nataliaderiabina \/ fotolia.com (179619449)<br>\u00a9 FotolEdhar \/ fotolia.com (95302740)<br>\u00a9 vege \/ fotolia.com (78608704)<br>\u00a9 Adobe Stock<\/p>\n\n\n\n<h2 class=\"wp-block-heading\" id=\"h-streitschlichtung\">Dispute resolution<\/h2>\n\n\n\n<p>We are not willing or obliged to participate in dispute resolution proceedings before a consumer arbitration board.<\/p>\n\n\n\n<h3 class=\"wp-block-heading\" id=\"h-haftung-fur-inhalte\">Liability for content<\/h3>\n\n\n\n<p>As a service provider, we are responsible for our own content on these pages in accordance with general legislation. However, according to Art. 4 to 6 and Art. 8 DSA, we as a service provider are not obliged to monitor transmitted or stored third-party information or to investigate circumstances that indicate illegal activity.<\/p>\n\n\n\n<p>Obligations to remove or block the use of information in accordance with \u00a7 8 DDG and the general laws remain unaffected by this. However, liability in this respect is only possible from the time we become aware of a specific infringement. As soon as we become aware of such infringements, we will remove this content immediately.<\/p>\n\n\n\n<h3 class=\"wp-block-heading\" id=\"h-haftung-fur-links\">Liability for links<\/h3>\n\n\n\n<p>Our offer contains links to external third-party websites, over whose content we have no influence. For this reason, we cannot assume any liability for this external content. The respective provider or operator of the linked pages is always responsible for the content of the linked pages. The linked pages were checked for possible legal infringements at the time of linking. No unlawful content was apparent at the time of linking.<\/p>\n\n\n\n<p>However, permanent monitoring of the content of the linked pages is not reasonable without concrete evidence of an infringement. If we become aware of any legal infringements, we will remove such links immediately.<\/p>\n\n\n\n<h3 class=\"wp-block-heading\" id=\"h-urheberrecht\">Copyright<\/h3>\n\n\n\n<p>The content and works created by the site operators on these pages are subject to German copyright law. Duplication, processing, distribution and any kind of utilisation outside the limits of copyright law require the written consent of the respective author or creator. Downloads and copies of this site are only permitted for private, non-commercial use.<\/p>\n\n\n\n<p>Insofar as the content on this site was not created by the operator, the copyrights of third parties are respected. In particular, third-party content is labelled as such. Should you nevertheless become aware of a copyright infringement, please inform us accordingly. If we become aware of any infringements, we will remove such content immediately.<\/p>\n\n\n\n<hr class=\"wp-block-separator has-css-opacity is-style-wide\"\/>\n\n\n\n<p class=\"has-text-align-right\">Web design by neukreativ from Bonn<\/p>","protected":false},"excerpt":{"rendered":"<p>Paffen Wach- und Sicherheitsdienst GmbHUbierstra\u00dfe 7853173 Bonn Represented by:Timo Paffen Contact: Phone: 0228 97 27 55 36 Email: info@paffen-sicherheit.de Register entry: Entry in the commercial register. Register court: Bonn local courtRegister number: HRB 21817 Licence according to \u00a7 34 a para. 1...<\/p>","protected":false},"author":1,"featured_media":6449,"parent":0,"menu_order":0,"comment_status":"closed","ping_status":"closed","template":"","meta":{"_acf_changed":false,"footnotes":""},"class_list":["post-6472","page","type-page","status-publish","has-post-thumbnail","hentry"],"acf":[],"yoast_head":"<!-- This site is optimized with the Yoast SEO Premium plugin v27.4 (Yoast SEO v27.4) - https:\/\/yoast.com\/product\/yoast-seo-premium-wordpress\/ -->\n<title>Impressum | Paffen Sicherheit<\/title>\n<meta name=\"description\" content=\"Impressum \u00bb Alles zu Paffen Sicherheit \u00bb Ihr Wach- und Sicherheitsdienst\" \/>\n<meta name=\"robots\" content=\"index, follow, max-snippet:-1, max-image-preview:large, max-video-preview:-1\" \/>\n<link rel=\"canonical\" href=\"https:\/\/paffen-sicherheit.de\/en\/imprint\/\" \/>\n<meta property=\"og:locale\" content=\"en_GB\" \/>\n<meta property=\"og:type\" content=\"article\" \/>\n<meta property=\"og:title\" content=\"Impressum\" \/>\n<meta property=\"og:description\" content=\"Impressum \u00bb Alles zu Paffen Sicherheit \u00bb Ihr Wach- und Sicherheitsdienst\" \/>\n<meta property=\"og:url\" content=\"https:\/\/paffen-sicherheit.de\/en\/imprint\/\" \/>\n<meta property=\"og:site_name\" content=\"Paffen Sicherheit\" \/>\n<meta property=\"article:publisher\" content=\"https:\/\/www.facebook.com\/paffen.sicherheit\/\" \/>\n<meta property=\"article:modified_time\" content=\"2024-08-05T14:37:42+00:00\" \/>\n<meta property=\"og:image\" content=\"https:\/\/paffen-sicherheit.de\/wp-content\/uploads\/impress.jpg\" \/>\n\t<meta property=\"og:image:width\" content=\"1920\" \/>\n\t<meta property=\"og:image:height\" content=\"774\" \/>\n\t<meta property=\"og:image:type\" content=\"image\/jpeg\" \/>\n<meta name=\"twitter:card\" content=\"summary_large_image\" \/>\n<meta name=\"twitter:site\" content=\"@InfoPaffen\" \/>\n<meta name=\"twitter:label1\" content=\"Estimated reading time\" \/>\n\t<meta name=\"twitter:data1\" content=\"3 minutes\" \/>\n<script type=\"application\/ld+json\" class=\"yoast-schema-graph\">{\"@context\":\"https:\\\/\\\/schema.org\",\"@graph\":[{\"@type\":\"WebPage\",\"@id\":\"https:\\\/\\\/paffen-sicherheit.de\\\/en\\\/wp-json\\\/wp\\\/v2\\\/pages\\\/6472\",\"url\":\"https:\\\/\\\/paffen-sicherheit.de\\\/en\\\/wp-json\\\/wp\\\/v2\\\/pages\\\/6472\",\"name\":\"Impressum | Paffen Sicherheit\",\"isPartOf\":{\"@id\":\"https:\\\/\\\/paffen-sicherheit.de\\\/en\\\/#website\"},\"primaryImageOfPage\":{\"@id\":\"https:\\\/\\\/paffen-sicherheit.de\\\/en\\\/wp-json\\\/wp\\\/v2\\\/pages\\\/6472\\\/#primaryimage\"},\"image\":{\"@id\":\"https:\\\/\\\/paffen-sicherheit.de\\\/en\\\/wp-json\\\/wp\\\/v2\\\/pages\\\/6472\\\/#primaryimage\"},\"thumbnailUrl\":\"https:\\\/\\\/paffen-sicherheit.de\\\/wp-content\\\/uploads\\\/impress.jpg\",\"datePublished\":\"2019-05-30T16:41:57+00:00\",\"dateModified\":\"2024-08-05T14:37:42+00:00\",\"description\":\"Impressum \u00bb Alles zu Paffen Sicherheit \u00bb Ihr Wach- und Sicherheitsdienst\",\"breadcrumb\":{\"@id\":\"https:\\\/\\\/paffen-sicherheit.de\\\/en\\\/wp-json\\\/wp\\\/v2\\\/pages\\\/6472\\\/#breadcrumb\"},\"inLanguage\":\"en-GB\",\"potentialAction\":[{\"@type\":\"ReadAction\",\"target\":[\"https:\\\/\\\/paffen-sicherheit.de\\\/en\\\/wp-json\\\/wp\\\/v2\\\/pages\\\/6472\"]}]},{\"@type\":\"ImageObject\",\"inLanguage\":\"en-GB\",\"@id\":\"https:\\\/\\\/paffen-sicherheit.de\\\/en\\\/wp-json\\\/wp\\\/v2\\\/pages\\\/6472\\\/#primaryimage\",\"url\":\"https:\\\/\\\/paffen-sicherheit.de\\\/wp-content\\\/uploads\\\/impress.jpg\",\"contentUrl\":\"https:\\\/\\\/paffen-sicherheit.de\\\/wp-content\\\/uploads\\\/impress.jpg\",\"width\":1920,\"height\":774,\"caption\":\"Bei Angebotsanfragen reagieren wir garantiert innerhalb von 2 Stunden.\"},{\"@type\":\"BreadcrumbList\",\"@id\":\"https:\\\/\\\/paffen-sicherheit.de\\\/en\\\/wp-json\\\/wp\\\/v2\\\/pages\\\/6472\\\/#breadcrumb\",\"itemListElement\":[{\"@type\":\"ListItem\",\"position\":1,\"name\":\"Start\",\"item\":\"https:\\\/\\\/paffen-sicherheit.de\\\/en\\\/\"},{\"@type\":\"ListItem\",\"position\":2,\"name\":\"Impressum\"}]},{\"@type\":\"WebSite\",\"@id\":\"https:\\\/\\\/paffen-sicherheit.de\\\/en\\\/#website\",\"url\":\"https:\\\/\\\/paffen-sicherheit.de\\\/en\\\/\",\"name\":\"Paffen Sicherheit\",\"description\":\"\",\"publisher\":{\"@id\":\"https:\\\/\\\/paffen-sicherheit.de\\\/en\\\/#organization\"},\"potentialAction\":[{\"@type\":\"SearchAction\",\"target\":{\"@type\":\"EntryPoint\",\"urlTemplate\":\"https:\\\/\\\/paffen-sicherheit.de\\\/en\\\/?s={search_term_string}\"},\"query-input\":{\"@type\":\"PropertyValueSpecification\",\"valueRequired\":true,\"valueName\":\"search_term_string\"}}],\"inLanguage\":\"en-GB\"},{\"@type\":\"Organization\",\"@id\":\"https:\\\/\\\/paffen-sicherheit.de\\\/en\\\/#organization\",\"name\":\"Paffen Wach- und Sicherheitsdienst GmbH\",\"alternateName\":\"Paffen Sicherheitsdienst\",\"url\":\"https:\\\/\\\/paffen-sicherheit.de\\\/en\\\/\",\"logo\":{\"@type\":\"ImageObject\",\"inLanguage\":\"en-GB\",\"@id\":\"https:\\\/\\\/paffen-sicherheit.de\\\/en\\\/#\\\/schema\\\/logo\\\/image\\\/\",\"url\":\"https:\\\/\\\/paffen-sicherheit.de\\\/wp-content\\\/uploads\\\/cropped-paffenfavicon2.0.png\",\"contentUrl\":\"https:\\\/\\\/paffen-sicherheit.de\\\/wp-content\\\/uploads\\\/cropped-paffenfavicon2.0.png\",\"width\":512,\"height\":512,\"caption\":\"Paffen Wach- und Sicherheitsdienst GmbH\"},\"image\":{\"@id\":\"https:\\\/\\\/paffen-sicherheit.de\\\/en\\\/#\\\/schema\\\/logo\\\/image\\\/\"},\"sameAs\":[\"https:\\\/\\\/www.facebook.com\\\/paffen.sicherheit\\\/\",\"https:\\\/\\\/x.com\\\/InfoPaffen\",\"https:\\\/\\\/www.instagram.com\\\/paffensicherheit\\\/\",\"https:\\\/\\\/www.linkedin.com\\\/company\\\/paffen-wach-und-sicherheitsdienst-gmbh\\\/\"],\"description\":\"Lokal ans\u00e4ssiger Sicherheitsdienst f\u00fcr den Gro\u00dfraum NRW mit Standorten in Bonn, K\u00f6ln, D\u00fcsseldorf, Duisburg, Koblenz und Essen. Als mittelst\u00e4ndische, zertifizierte Sicherheitsfirma ist Paffen Wachdienst & Sicherheitsdienst f\u00fcr Gesch\u00e4fts- wie Privatkunden der erste Ansprechpartner f\u00fcr alle sicherheitsrelevanten Themen im Bereich Objektschutz, Werkschutz, Personenschutz, sowie Veranstaltungsschutz. Ladendetektiv und Sicherungsposten.\",\"email\":\"info@paffen-sicherheit.de\",\"telephone\":\"0228 97 27 55 36\",\"legalName\":\"Paffen Wach- und Sicherheitsdienst GmbH\"}]}<\/script>\n<!-- \/ Yoast SEO Premium plugin. -->","yoast_head_json":{"title":"Imprint | Paffen Safety","description":"Imprint \u00bb All about Paffen Sicherheit \u00bb Your guard and security service","robots":{"index":"index","follow":"follow","max-snippet":"max-snippet:-1","max-image-preview":"max-image-preview:large","max-video-preview":"max-video-preview:-1"},"canonical":"https:\/\/paffen-sicherheit.de\/en\/imprint\/","og_locale":"en_GB","og_type":"article","og_title":"Impressum","og_description":"Impressum \u00bb Alles zu Paffen Sicherheit \u00bb Ihr Wach- und Sicherheitsdienst","og_url":"https:\/\/paffen-sicherheit.de\/en\/imprint\/","og_site_name":"Paffen Sicherheit","article_publisher":"https:\/\/www.facebook.com\/paffen.sicherheit\/","article_modified_time":"2024-08-05T14:37:42+00:00","og_image":[{"width":1920,"height":774,"url":"https:\/\/paffen-sicherheit.de\/wp-content\/uploads\/impress.jpg","type":"image\/jpeg"}],"twitter_card":"summary_large_image","twitter_site":"@InfoPaffen","twitter_misc":{"Estimated reading time":"3 minutes"},"schema":{"@context":"https:\/\/schema.org","@graph":[{"@type":"WebPage","@id":"https:\/\/paffen-sicherheit.de\/en\/wp-json\/wp\/v2\/pages\/6472","url":"https:\/\/paffen-sicherheit.de\/en\/wp-json\/wp\/v2\/pages\/6472","name":"Imprint | Paffen Safety","isPartOf":{"@id":"https:\/\/paffen-sicherheit.de\/en\/#website"},"primaryImageOfPage":{"@id":"https:\/\/paffen-sicherheit.de\/en\/wp-json\/wp\/v2\/pages\/6472\/#primaryimage"},"image":{"@id":"https:\/\/paffen-sicherheit.de\/en\/wp-json\/wp\/v2\/pages\/6472\/#primaryimage"},"thumbnailUrl":"https:\/\/paffen-sicherheit.de\/wp-content\/uploads\/impress.jpg","datePublished":"2019-05-30T16:41:57+00:00","dateModified":"2024-08-05T14:37:42+00:00","description":"Imprint \u00bb All about Paffen Sicherheit \u00bb Your guard and security service","breadcrumb":{"@id":"https:\/\/paffen-sicherheit.de\/en\/wp-json\/wp\/v2\/pages\/6472\/#breadcrumb"},"inLanguage":"en-GB","potentialAction":[{"@type":"ReadAction","target":["https:\/\/paffen-sicherheit.de\/en\/wp-json\/wp\/v2\/pages\/6472"]}]},{"@type":"ImageObject","inLanguage":"en-GB","@id":"https:\/\/paffen-sicherheit.de\/en\/wp-json\/wp\/v2\/pages\/6472\/#primaryimage","url":"https:\/\/paffen-sicherheit.de\/wp-content\/uploads\/impress.jpg","contentUrl":"https:\/\/paffen-sicherheit.de\/wp-content\/uploads\/impress.jpg","width":1920,"height":774,"caption":"Bei Angebotsanfragen reagieren wir garantiert innerhalb von 2 Stunden."},{"@type":"BreadcrumbList","@id":"https:\/\/paffen-sicherheit.de\/en\/wp-json\/wp\/v2\/pages\/6472\/#breadcrumb","itemListElement":[{"@type":"ListItem","position":1,"name":"Start","item":"https:\/\/paffen-sicherheit.de\/en\/"},{"@type":"ListItem","position":2,"name":"Impressum"}]},{"@type":"WebSite","@id":"https:\/\/paffen-sicherheit.de\/en\/#website","url":"https:\/\/paffen-sicherheit.de\/en\/","name":"Paffen Security","description":"","publisher":{"@id":"https:\/\/paffen-sicherheit.de\/en\/#organization"},"potentialAction":[{"@type":"SearchAction","target":{"@type":"EntryPoint","urlTemplate":"https:\/\/paffen-sicherheit.de\/en\/?s={search_term_string}"},"query-input":{"@type":"PropertyValueSpecification","valueRequired":true,"valueName":"search_term_string"}}],"inLanguage":"en-GB"},{"@type":"Organization","@id":"https:\/\/paffen-sicherheit.de\/en\/#organization","name":"Paffen Security Services GmbH","alternateName":"Paffen Sicherheitsdienst","url":"https:\/\/paffen-sicherheit.de\/en\/","logo":{"@type":"ImageObject","inLanguage":"en-GB","@id":"https:\/\/paffen-sicherheit.de\/en\/#\/schema\/logo\/image\/","url":"https:\/\/paffen-sicherheit.de\/wp-content\/uploads\/cropped-paffenfavicon2.0.png","contentUrl":"https:\/\/paffen-sicherheit.de\/wp-content\/uploads\/cropped-paffenfavicon2.0.png","width":512,"height":512,"caption":"Paffen Wach- und Sicherheitsdienst GmbH"},"image":{"@id":"https:\/\/paffen-sicherheit.de\/en\/#\/schema\/logo\/image\/"},"sameAs":["https:\/\/www.facebook.com\/paffen.sicherheit\/","https:\/\/x.com\/InfoPaffen","https:\/\/www.instagram.com\/paffensicherheit\/","https:\/\/www.linkedin.com\/company\/paffen-wach-und-sicherheitsdienst-gmbh\/"],"description":"Local security service for the wider NRW region with locations in Bonn, Cologne, D\u00fcsseldorf, Duisburg, Koblenz, and Essen. As a medium-sized, certified security company, Paffen Wachdienst &amp; Sicherheitsdienst is the first point of contact for both business and private clients for all security-related matters in the areas of property protection, industrial security, personal protection, and event security. Store detective and safety guard.","email":"info@paffen-sicherheit.de","telephone":"0228 97 27 55 36","legalName":"Paffen Wach- und Sicherheitsdienst GmbH"}]}},"_links":{"self":[{"href":"https:\/\/paffen-sicherheit.de\/en\/wp-json\/wp\/v2\/pages\/6472","targetHints":{"allow":["GET"]}}],"collection":[{"href":"https:\/\/paffen-sicherheit.de\/en\/wp-json\/wp\/v2\/pages"}],"about":[{"href":"https:\/\/paffen-sicherheit.de\/en\/wp-json\/wp\/v2\/types\/page"}],"author":[{"embeddable":true,"href":"https:\/\/paffen-sicherheit.de\/en\/wp-json\/wp\/v2\/users\/1"}],"replies":[{"embeddable":true,"href":"https:\/\/paffen-sicherheit.de\/en\/wp-json\/wp\/v2\/comments?post=6472"}],"version-history":[{"count":0,"href":"https:\/\/paffen-sicherheit.de\/en\/wp-json\/wp\/v2\/pages\/6472\/revisions"}],"wp:featuredmedia":[{"embeddable":true,"href":"https:\/\/paffen-sicherheit.de\/en\/wp-json\/wp\/v2\/media\/6449"}],"wp:attachment":[{"href":"https:\/\/paffen-sicherheit.de\/en\/wp-json\/wp\/v2\/media?parent=6472"}],"curies":[{"name":"wp","href":"https:\/\/api.w.org\/{rel}","templated":true}]}}