{"id":7939,"date":"2021-04-07T19:02:10","date_gmt":"2021-04-07T17:02:10","guid":{"rendered":"https:\/\/paffen-sicherheit.de\/?page_id=7939"},"modified":"2025-11-25T13:56:39","modified_gmt":"2025-11-25T12:56:39","slug":"security-in-the-retail-trade","status":"publish","type":"page","link":"https:\/\/paffen-sicherheit.de\/en\/branchen\/sicherheit-im-einzelhandel\/","title":{"rendered":"Security in retail"},"content":{"rendered":"<p>An inventory difference of almost four billion euros - this is the challenge faced by German retailers every year. This figure is largely due to theft and damage caused by vandalism in electronics retailers, clothing shops and the like. We reliably prevent shoplifting and take care of the safety of employees and customers.<\/p>\n\n\n\n<figure class=\"wp-block-image size-medium\"><img loading=\"lazy\" decoding=\"async\" width=\"1018\" height=\"720\" src=\"https:\/\/paffen-sicherheit.de\/wp-content\/uploads\/paffen_sicherheit_einzelhandel_laden-1018x720.jpg\" alt=\"\" class=\"wp-image-7949\" srcset=\"https:\/\/paffen-sicherheit.de\/wp-content\/uploads\/paffen_sicherheit_einzelhandel_laden-1018x720.jpg 1018w, https:\/\/paffen-sicherheit.de\/wp-content\/uploads\/paffen_sicherheit_einzelhandel_laden-1527x1080.jpg 1527w, https:\/\/paffen-sicherheit.de\/wp-content\/uploads\/paffen_sicherheit_einzelhandel_laden-768x543.jpg 768w, https:\/\/paffen-sicherheit.de\/wp-content\/uploads\/paffen_sicherheit_einzelhandel_laden-1536x1086.jpg 1536w, https:\/\/paffen-sicherheit.de\/wp-content\/uploads\/paffen_sicherheit_einzelhandel_laden.jpg 1980w\" sizes=\"auto, (max-width: 1018px) 100vw, 1018px\" \/><\/figure>\n\n\n<section id=\"section-2-7813\" class=\"ct-section\" ><div class=\"ct-section-inner-wrap\"><div id=\"_rich_text-71-7813\" class=\"oxy-rich-text\" ><h2 id=\"headline-3-7813\" class=\"ct-component ct_headline ct-headline ct-active\" contenteditable=\"true\" draggable=\"false\" spellcheck=\"true\" data-aos-enabled=\"\" data-aos-duration=\"\" data-aos-easing=\"\" data-aos-offset=\"\" data-aos-delay=\"\" data-aos-anchor=\"\" data-aos-anchor-placement=\"\" data-aos-once=\"\">This is how we support you in retail:<\/h2><\/div><div id=\"_dynamic_list-5-7813\" class=\"oxy-dynamic-list\"><div id=\"div_block-6-7813-1\" class=\"ct-div-block\" data-id=\"div_block-6-7813\"><div id=\"div_block-65-7813-1\" class=\"ct-div-block\" data-id=\"div_block-65-7813\"><div id=\"div_block-61-7813-1\" class=\"ct-div-block\" data-id=\"div_block-61-7813\"><\/div><div id=\"div_block-58-7813-1\" class=\"ct-div-block\" data-id=\"div_block-58-7813\"><div id=\"text_block-50-7813-1\" class=\"ct-text-block\" data-id=\"text_block-50-7813\"><span id=\"span-52-7813\" class=\"ct-span\" >Security service<\/span><br><\/div><div id=\"text_block-54-7813-1\" class=\"ct-text-block\" data-id=\"text_block-54-7813\"><span id=\"span-56-7813\" class=\"ct-span\" >Safe from burglary and vandalism: We take care of fire and burglar alarm systems and show presence. We would be happy to create a customised concept for you.<\/span><br><\/div><\/div><\/div><\/div><div id=\"div_block-6-7813-2\" class=\"ct-div-block\" data-id=\"div_block-6-7813\"><div id=\"div_block-65-7813-2\" class=\"ct-div-block\" data-id=\"div_block-65-7813\"><div id=\"div_block-61-7813-2\" class=\"ct-div-block\" data-id=\"div_block-61-7813\"><\/div><div id=\"div_block-58-7813-2\" class=\"ct-div-block\" data-id=\"div_block-58-7813\"><div id=\"text_block-50-7813-2\" class=\"ct-text-block\" data-id=\"text_block-50-7813\"><span id=\"span-52-7813\" class=\"ct-span\" >Doorman<\/span><br><\/div><div id=\"text_block-54-7813-2\" class=\"ct-text-block\" data-id=\"text_block-54-7813\"><span id=\"span-56-7813\" class=\"ct-span\" >Prevention is better than intervention. We offer you both. This is how we effectively prevent thefts and robberies.<\/span><br><\/div><\/div><\/div><\/div><div id=\"div_block-6-7813-3\" class=\"ct-div-block\" data-id=\"div_block-6-7813\"><div id=\"div_block-65-7813-3\" class=\"ct-div-block\" data-id=\"div_block-65-7813\"><div id=\"div_block-61-7813-3\" class=\"ct-div-block\" data-id=\"div_block-61-7813\"><\/div><div id=\"div_block-58-7813-3\" class=\"ct-div-block\" data-id=\"div_block-58-7813\"><div id=\"text_block-50-7813-3\" class=\"ct-text-block\" data-id=\"text_block-50-7813\"><span id=\"span-52-7813\" class=\"ct-span\" >Car park security<\/span><br><\/div><div id=\"text_block-54-7813-3\" class=\"ct-text-block\" data-id=\"text_block-54-7813\"><span id=\"span-56-7813\" class=\"ct-span\" >The same applies to the outdoor area: presence prevents crime. This keeps your customers' and suppliers' vehicles safe. <\/span><br><\/div><\/div><\/div><\/div><div id=\"div_block-6-7813-4\" class=\"ct-div-block\" data-id=\"div_block-6-7813\"><div id=\"div_block-65-7813-4\" class=\"ct-div-block\" data-id=\"div_block-65-7813\"><div id=\"div_block-61-7813-4\" class=\"ct-div-block\" data-id=\"div_block-61-7813\"><\/div><div id=\"div_block-58-7813-4\" class=\"ct-div-block\" data-id=\"div_block-58-7813\"><div id=\"text_block-50-7813-4\" class=\"ct-text-block\" data-id=\"text_block-50-7813\"><span id=\"span-52-7813\" class=\"ct-span\" >Shop detectives<\/span><br><\/div><div id=\"text_block-54-7813-4\" class=\"ct-text-block\" data-id=\"text_block-54-7813\"><span id=\"span-56-7813\" class=\"ct-span\" >Extended opening hours and growing sales areas make it difficult to monitor retail spaces. We have a trained eye for shoplifters.<\/span><br><\/div><\/div><\/div><\/div><\/div>\n<\/div><\/section>\n\n<section id=\"bullet_section_block\" class=\"ct-section\" ><div class=\"ct-section-inner-wrap\"><div id=\"_rich_text-5-7812\" class=\"oxy-rich-text\" ><h2>No compromises when it comes to safety!<\/h2><ul><li>24-hour availability, 365 days a year<\/li><li>IHK-certified, specially trained security staff<\/li><li>Certified guard and security service in accordance with DIN7720<\/li><\/ul><\/div><div id=\"code_block-532-7515\" class=\"ct-code-block\" ><\/div><\/div><\/section>\n\n<div id=\"div_block-13-7795\" class=\"ct-div-block sectionabstandobenunten\" ><section id=\"section-12-9847\" class=\"ct-section\" style=\"background-image:linear-gradient(rgba(239,239,239,0.9), rgba(239,239,239,0.9)), url(https:\/\/paffen-sicherheit.de\/wp-content\/uploads\/Paffen_Sicherheit_60_bg_only.jpg);background-size:auto,  cover;\" ><div class=\"ct-section-inner-wrap\"><div id=\"div_block-13-9847\" class=\"ct-div-block\" ><div id=\"div_block-14-9847\" class=\"ct-div-block\" ><h2 id=\"headline-15-9847\" class=\"ct-headline subheadingh2 subheadingh3-black\">See our services for your security!<br><\/h2><div id=\"_rich_text-16-9847\" class=\"oxy-rich-text divblocktext divblocktext_shwadow\" ><p>Paffen Wachdienst &amp; Sicherheitsdienst offers you complete security solutions in the greater Cologne, Bonn, Aachen, Rhein-Sieg-Kreis and Rhein-Erft-Kreis, D\u00fcsseldorf, Dortmund, Koblenz, Neuss and Frankfurt areas. We are a security service provider everywhere\u00a0<a href=\"https:\/\/paffen-sicherheit.de\/en\/contact\/\" target=\"_blank\" rel=\"noreferrer noopener\" aria-label=\"personally for you. (opens in new tab)\">personally for you.<\/a><\/p><p>Find out more now without obligation.<\/p><\/div><a id=\"div_block-17-9847\" class=\"ct-link button-cta-tel-section button-cta-tel-section2 button-cta-tel-section3\" href=\"tel:004922897275536\"    title=\"Free quote in under 1 hour\"><div id=\"fancy_icon-19-9847\" class=\"ct-fancy-icon\" ><svg id=\"svg-fancy_icon-19-9847\"><use xlink:href=\"#FontAwesomeicon-phone\"><\/use><\/svg><\/div><div id=\"text_block-18-9847\" class=\"ct-text-block\" >0228 97 27 55 36<\/div><\/a><\/div><div id=\"div_block-23-9847\" class=\"ct-div-block\" ><img decoding=\"async\"  id=\"image-24-9847\" alt=\"Paffen Security Employee\" src=\"https:\/\/paffen-sicherheit.de\/wp-content\/uploads\/Paffen_sicherheit-cta-freisteller_400px.png\" class=\"ct-image box-shdw\" srcset-disabled=\"\" sizes=\"(max-width: 400px) 100vw, 400px\" \/><\/div><\/div><\/div><\/section><\/div>\n\n\n<h2 class=\"wp-block-heading\" id=\"h-sicherheit-im-kaufhaus\">Security in the department stores'<\/h2>\n\n\n\n<p>Every year, theft makes a huge dent in the narrow margins of the retail trade. Thieves come from all walks of life, are of all ages and are found among both men and women. It therefore takes experienced security staff and good surveillance technology to catch thieves while innocent customers are not harassed.<\/p>\n\n\n\n<p>Our employees are specially trained to recognise and prevent theft. We also ensure protection against vandalism and rioters. In socially deprived areas, customers prefer shops that provide increased security. With the presence of security staff as doormen or car park security, you can give your customers a good feeling and effectively protect your employees from attacks.<\/p>\n\n\n\n<p>This also applies after closing time: to prevent break-ins and theft on public holidays or at night, we offer a patrol service. Professional security staff carry out regular patrols and check entrances and windows. We also use burglar alarm systems and video technology so that we can react immediately in an emergency.<\/p>\n\n\n\n<p>As with all security services, protection can only be effective if experienced personnel are deployed. Our security specialists undergo thorough training and constantly attend further training courses. We emphasise proper uniforms and train our employees in de-escalation training, as well as fire safety and first aid.<\/p>\n\n\n\n<p>We at Paffen Sicherheitsdienst specialise in individual security concepts for <a href=\"https:\/\/paffen-sicherheit.de\/en\/services\/object-protection\/\">Object protection<\/a> up to the comprehensive <a href=\"https:\/\/paffen-sicherheit.de\/en\/services\/plant-protection\/\">Site security<\/a> - for your business too. Talk to us!<\/p>","protected":false},"excerpt":{"rendered":"<p>An inventory difference of almost four billion euros - this is the challenge faced by German retailers every year. This figure is largely due to theft and damage caused by vandalism in specialist electronics retailers, clothing shops...<\/p>","protected":false},"author":1,"featured_media":7940,"parent":7828,"menu_order":0,"comment_status":"closed","ping_status":"closed","template":"","meta":{"_acf_changed":false,"footnotes":""},"class_list":["post-7939","page","type-page","status-publish","has-post-thumbnail","hentry"],"acf":[],"yoast_head":"<!-- This site is optimized with the Yoast SEO Premium plugin v27.4 (Yoast SEO v27.4) - https:\/\/yoast.com\/product\/yoast-seo-premium-wordpress\/ -->\n<title>Sicherheit im Einzelhandel | Paffen Sicherheitsdienst<\/title>\n<meta name=\"description\" content=\"Qualifizierte Sicherheit im Einzelhandel \u00bb Schutz vor Diebstahl \u2713 Betrug \u2713 Einbr\u00fcchen \u2713 Sabotage \u2713 Jetzt individuelles Konzept anfragen!\" \/>\n<meta name=\"robots\" content=\"index, follow, max-snippet:-1, max-image-preview:large, max-video-preview:-1\" \/>\n<link rel=\"canonical\" href=\"https:\/\/paffen-sicherheit.de\/en\/branches\/security-in-the-retail-trade\/\" \/>\n<meta property=\"og:locale\" content=\"en_GB\" \/>\n<meta property=\"og:type\" content=\"article\" \/>\n<meta property=\"og:title\" content=\"Sicherheit im Einzelhandel\" \/>\n<meta property=\"og:description\" content=\"Qualifizierte Sicherheit im Einzelhandel \u00bb Schutz vor Diebstahl \u2713 Betrug \u2713 Einbr\u00fcchen \u2713 Sabotage \u2713 Jetzt individuelles Konzept anfragen!\" \/>\n<meta property=\"og:url\" content=\"https:\/\/paffen-sicherheit.de\/en\/branches\/security-in-the-retail-trade\/\" \/>\n<meta property=\"og:site_name\" content=\"Paffen Sicherheit\" \/>\n<meta property=\"article:publisher\" content=\"https:\/\/www.facebook.com\/paffen.sicherheit\/\" \/>\n<meta property=\"article:modified_time\" content=\"2025-11-25T12:56:39+00:00\" \/>\n<meta property=\"og:image\" content=\"https:\/\/paffen-sicherheit.de\/wp-content\/uploads\/sicherheit-einzelhandel.jpg\" \/>\n\t<meta property=\"og:image:width\" content=\"1980\" \/>\n\t<meta property=\"og:image:height\" content=\"1114\" \/>\n\t<meta property=\"og:image:type\" content=\"image\/jpeg\" \/>\n<meta name=\"twitter:card\" content=\"summary_large_image\" \/>\n<meta name=\"twitter:site\" content=\"@InfoPaffen\" \/>\n<meta name=\"twitter:label1\" content=\"Estimated reading time\" \/>\n\t<meta name=\"twitter:data1\" content=\"2 minutes\" \/>\n<script type=\"application\/ld+json\" class=\"yoast-schema-graph\">{\"@context\":\"https:\\\/\\\/schema.org\",\"@graph\":[{\"@type\":\"WebPage\",\"@id\":\"https:\\\/\\\/paffen-sicherheit.de\\\/en\\\/wp-json\\\/wp\\\/v2\\\/pages\\\/7939\",\"url\":\"https:\\\/\\\/paffen-sicherheit.de\\\/en\\\/wp-json\\\/wp\\\/v2\\\/pages\\\/7939\",\"name\":\"Sicherheit im Einzelhandel | Paffen Sicherheitsdienst\",\"isPartOf\":{\"@id\":\"https:\\\/\\\/paffen-sicherheit.de\\\/en\\\/#website\"},\"primaryImageOfPage\":{\"@id\":\"https:\\\/\\\/paffen-sicherheit.de\\\/en\\\/wp-json\\\/wp\\\/v2\\\/pages\\\/7939\\\/#primaryimage\"},\"image\":{\"@id\":\"https:\\\/\\\/paffen-sicherheit.de\\\/en\\\/wp-json\\\/wp\\\/v2\\\/pages\\\/7939\\\/#primaryimage\"},\"thumbnailUrl\":\"https:\\\/\\\/paffen-sicherheit.de\\\/wp-content\\\/uploads\\\/sicherheit-einzelhandel.jpg\",\"datePublished\":\"2021-04-07T17:02:10+00:00\",\"dateModified\":\"2025-11-25T12:56:39+00:00\",\"description\":\"Qualifizierte Sicherheit im Einzelhandel \u00bb Schutz vor Diebstahl \u2713 Betrug \u2713 Einbr\u00fcchen \u2713 Sabotage \u2713 Jetzt individuelles Konzept anfragen!\",\"breadcrumb\":{\"@id\":\"https:\\\/\\\/paffen-sicherheit.de\\\/en\\\/wp-json\\\/wp\\\/v2\\\/pages\\\/7939\\\/#breadcrumb\"},\"inLanguage\":\"en-GB\",\"potentialAction\":[{\"@type\":\"ReadAction\",\"target\":[\"https:\\\/\\\/paffen-sicherheit.de\\\/en\\\/wp-json\\\/wp\\\/v2\\\/pages\\\/7939\"]}]},{\"@type\":\"ImageObject\",\"inLanguage\":\"en-GB\",\"@id\":\"https:\\\/\\\/paffen-sicherheit.de\\\/en\\\/wp-json\\\/wp\\\/v2\\\/pages\\\/7939\\\/#primaryimage\",\"url\":\"https:\\\/\\\/paffen-sicherheit.de\\\/wp-content\\\/uploads\\\/sicherheit-einzelhandel.jpg\",\"contentUrl\":\"https:\\\/\\\/paffen-sicherheit.de\\\/wp-content\\\/uploads\\\/sicherheit-einzelhandel.jpg\",\"width\":1980,\"height\":1114,\"caption\":\"Bei der \u00dcberwachung unserer gro\u00dfen Verkaufsfl\u00e4chen lassen wir uns professionell unterst\u00fctzen.\"},{\"@type\":\"BreadcrumbList\",\"@id\":\"https:\\\/\\\/paffen-sicherheit.de\\\/en\\\/wp-json\\\/wp\\\/v2\\\/pages\\\/7939\\\/#breadcrumb\",\"itemListElement\":[{\"@type\":\"ListItem\",\"position\":1,\"name\":\"Start\",\"item\":\"https:\\\/\\\/paffen-sicherheit.de\\\/en\\\/\"},{\"@type\":\"ListItem\",\"position\":2,\"name\":\"Branchen\",\"item\":\"https:\\\/\\\/paffen-sicherheit.de\\\/en\\\/branches\\\/\"},{\"@type\":\"ListItem\",\"position\":3,\"name\":\"Sicherheit im Einzelhandel\"}]},{\"@type\":\"WebSite\",\"@id\":\"https:\\\/\\\/paffen-sicherheit.de\\\/en\\\/#website\",\"url\":\"https:\\\/\\\/paffen-sicherheit.de\\\/en\\\/\",\"name\":\"Paffen Sicherheit\",\"description\":\"\",\"publisher\":{\"@id\":\"https:\\\/\\\/paffen-sicherheit.de\\\/en\\\/#organization\"},\"potentialAction\":[{\"@type\":\"SearchAction\",\"target\":{\"@type\":\"EntryPoint\",\"urlTemplate\":\"https:\\\/\\\/paffen-sicherheit.de\\\/en\\\/?s={search_term_string}\"},\"query-input\":{\"@type\":\"PropertyValueSpecification\",\"valueRequired\":true,\"valueName\":\"search_term_string\"}}],\"inLanguage\":\"en-GB\"},{\"@type\":\"Organization\",\"@id\":\"https:\\\/\\\/paffen-sicherheit.de\\\/en\\\/#organization\",\"name\":\"Paffen Wach- und Sicherheitsdienst GmbH\",\"alternateName\":\"Paffen Sicherheitsdienst\",\"url\":\"https:\\\/\\\/paffen-sicherheit.de\\\/en\\\/\",\"logo\":{\"@type\":\"ImageObject\",\"inLanguage\":\"en-GB\",\"@id\":\"https:\\\/\\\/paffen-sicherheit.de\\\/en\\\/#\\\/schema\\\/logo\\\/image\\\/\",\"url\":\"https:\\\/\\\/paffen-sicherheit.de\\\/wp-content\\\/uploads\\\/cropped-paffenfavicon2.0.png\",\"contentUrl\":\"https:\\\/\\\/paffen-sicherheit.de\\\/wp-content\\\/uploads\\\/cropped-paffenfavicon2.0.png\",\"width\":512,\"height\":512,\"caption\":\"Paffen Wach- und Sicherheitsdienst GmbH\"},\"image\":{\"@id\":\"https:\\\/\\\/paffen-sicherheit.de\\\/en\\\/#\\\/schema\\\/logo\\\/image\\\/\"},\"sameAs\":[\"https:\\\/\\\/www.facebook.com\\\/paffen.sicherheit\\\/\",\"https:\\\/\\\/x.com\\\/InfoPaffen\",\"https:\\\/\\\/www.instagram.com\\\/paffensicherheit\\\/\",\"https:\\\/\\\/www.linkedin.com\\\/company\\\/paffen-wach-und-sicherheitsdienst-gmbh\\\/\"],\"description\":\"Lokal ans\u00e4ssiger Sicherheitsdienst f\u00fcr den Gro\u00dfraum NRW mit Standorten in Bonn, K\u00f6ln, D\u00fcsseldorf, Duisburg, Koblenz und Essen. Als mittelst\u00e4ndische, zertifizierte Sicherheitsfirma ist Paffen Wachdienst & Sicherheitsdienst f\u00fcr Gesch\u00e4fts- wie Privatkunden der erste Ansprechpartner f\u00fcr alle sicherheitsrelevanten Themen im Bereich Objektschutz, Werkschutz, Personenschutz, sowie Veranstaltungsschutz. Ladendetektiv und Sicherungsposten.\",\"email\":\"info@paffen-sicherheit.de\",\"telephone\":\"0228 97 27 55 36\",\"legalName\":\"Paffen Wach- und Sicherheitsdienst GmbH\"}]}<\/script>\n<!-- \/ Yoast SEO Premium plugin. -->","yoast_head_json":{"title":"Retail security | Paffen Sicherheitsdienst","description":"Qualified security in retail \u00bb Protection against theft \u2713 Fraud \u2713 Break-ins \u2713 Sabotage \u2713 Request a customised concept now!","robots":{"index":"index","follow":"follow","max-snippet":"max-snippet:-1","max-image-preview":"max-image-preview:large","max-video-preview":"max-video-preview:-1"},"canonical":"https:\/\/paffen-sicherheit.de\/en\/branches\/security-in-the-retail-trade\/","og_locale":"en_GB","og_type":"article","og_title":"Sicherheit im Einzelhandel","og_description":"Qualifizierte Sicherheit im Einzelhandel \u00bb Schutz vor Diebstahl \u2713 Betrug \u2713 Einbr\u00fcchen \u2713 Sabotage \u2713 Jetzt individuelles Konzept anfragen!","og_url":"https:\/\/paffen-sicherheit.de\/en\/branches\/security-in-the-retail-trade\/","og_site_name":"Paffen Sicherheit","article_publisher":"https:\/\/www.facebook.com\/paffen.sicherheit\/","article_modified_time":"2025-11-25T12:56:39+00:00","og_image":[{"width":1980,"height":1114,"url":"https:\/\/paffen-sicherheit.de\/wp-content\/uploads\/sicherheit-einzelhandel.jpg","type":"image\/jpeg"}],"twitter_card":"summary_large_image","twitter_site":"@InfoPaffen","twitter_misc":{"Estimated reading time":"2 minutes"},"schema":{"@context":"https:\/\/schema.org","@graph":[{"@type":"WebPage","@id":"https:\/\/paffen-sicherheit.de\/en\/wp-json\/wp\/v2\/pages\/7939","url":"https:\/\/paffen-sicherheit.de\/en\/wp-json\/wp\/v2\/pages\/7939","name":"Retail security | Paffen Sicherheitsdienst","isPartOf":{"@id":"https:\/\/paffen-sicherheit.de\/en\/#website"},"primaryImageOfPage":{"@id":"https:\/\/paffen-sicherheit.de\/en\/wp-json\/wp\/v2\/pages\/7939\/#primaryimage"},"image":{"@id":"https:\/\/paffen-sicherheit.de\/en\/wp-json\/wp\/v2\/pages\/7939\/#primaryimage"},"thumbnailUrl":"https:\/\/paffen-sicherheit.de\/wp-content\/uploads\/sicherheit-einzelhandel.jpg","datePublished":"2021-04-07T17:02:10+00:00","dateModified":"2025-11-25T12:56:39+00:00","description":"Qualified security in retail \u00bb Protection against theft \u2713 Fraud \u2713 Break-ins \u2713 Sabotage \u2713 Request a customised concept now!","breadcrumb":{"@id":"https:\/\/paffen-sicherheit.de\/en\/wp-json\/wp\/v2\/pages\/7939\/#breadcrumb"},"inLanguage":"en-GB","potentialAction":[{"@type":"ReadAction","target":["https:\/\/paffen-sicherheit.de\/en\/wp-json\/wp\/v2\/pages\/7939"]}]},{"@type":"ImageObject","inLanguage":"en-GB","@id":"https:\/\/paffen-sicherheit.de\/en\/wp-json\/wp\/v2\/pages\/7939\/#primaryimage","url":"https:\/\/paffen-sicherheit.de\/wp-content\/uploads\/sicherheit-einzelhandel.jpg","contentUrl":"https:\/\/paffen-sicherheit.de\/wp-content\/uploads\/sicherheit-einzelhandel.jpg","width":1980,"height":1114,"caption":"Bei der \u00dcberwachung unserer gro\u00dfen Verkaufsfl\u00e4chen lassen wir uns professionell unterst\u00fctzen."},{"@type":"BreadcrumbList","@id":"https:\/\/paffen-sicherheit.de\/en\/wp-json\/wp\/v2\/pages\/7939\/#breadcrumb","itemListElement":[{"@type":"ListItem","position":1,"name":"Start","item":"https:\/\/paffen-sicherheit.de\/en\/"},{"@type":"ListItem","position":2,"name":"Branchen","item":"https:\/\/paffen-sicherheit.de\/en\/branches\/"},{"@type":"ListItem","position":3,"name":"Sicherheit im Einzelhandel"}]},{"@type":"WebSite","@id":"https:\/\/paffen-sicherheit.de\/en\/#website","url":"https:\/\/paffen-sicherheit.de\/en\/","name":"Paffen Security","description":"","publisher":{"@id":"https:\/\/paffen-sicherheit.de\/en\/#organization"},"potentialAction":[{"@type":"SearchAction","target":{"@type":"EntryPoint","urlTemplate":"https:\/\/paffen-sicherheit.de\/en\/?s={search_term_string}"},"query-input":{"@type":"PropertyValueSpecification","valueRequired":true,"valueName":"search_term_string"}}],"inLanguage":"en-GB"},{"@type":"Organization","@id":"https:\/\/paffen-sicherheit.de\/en\/#organization","name":"Paffen Security Services GmbH","alternateName":"Paffen Sicherheitsdienst","url":"https:\/\/paffen-sicherheit.de\/en\/","logo":{"@type":"ImageObject","inLanguage":"en-GB","@id":"https:\/\/paffen-sicherheit.de\/en\/#\/schema\/logo\/image\/","url":"https:\/\/paffen-sicherheit.de\/wp-content\/uploads\/cropped-paffenfavicon2.0.png","contentUrl":"https:\/\/paffen-sicherheit.de\/wp-content\/uploads\/cropped-paffenfavicon2.0.png","width":512,"height":512,"caption":"Paffen Wach- und Sicherheitsdienst GmbH"},"image":{"@id":"https:\/\/paffen-sicherheit.de\/en\/#\/schema\/logo\/image\/"},"sameAs":["https:\/\/www.facebook.com\/paffen.sicherheit\/","https:\/\/x.com\/InfoPaffen","https:\/\/www.instagram.com\/paffensicherheit\/","https:\/\/www.linkedin.com\/company\/paffen-wach-und-sicherheitsdienst-gmbh\/"],"description":"Local security service for the wider NRW region with locations in Bonn, Cologne, D\u00fcsseldorf, Duisburg, Koblenz, and Essen. As a medium-sized, certified security company, Paffen Wachdienst &amp; Sicherheitsdienst is the first point of contact for both business and private clients for all security-related matters in the areas of property protection, industrial security, personal protection, and event security. Store detective and safety guard.","email":"info@paffen-sicherheit.de","telephone":"0228 97 27 55 36","legalName":"Paffen Wach- und Sicherheitsdienst GmbH"}]}},"_links":{"self":[{"href":"https:\/\/paffen-sicherheit.de\/en\/wp-json\/wp\/v2\/pages\/7939","targetHints":{"allow":["GET"]}}],"collection":[{"href":"https:\/\/paffen-sicherheit.de\/en\/wp-json\/wp\/v2\/pages"}],"about":[{"href":"https:\/\/paffen-sicherheit.de\/en\/wp-json\/wp\/v2\/types\/page"}],"author":[{"embeddable":true,"href":"https:\/\/paffen-sicherheit.de\/en\/wp-json\/wp\/v2\/users\/1"}],"replies":[{"embeddable":true,"href":"https:\/\/paffen-sicherheit.de\/en\/wp-json\/wp\/v2\/comments?post=7939"}],"version-history":[{"count":2,"href":"https:\/\/paffen-sicherheit.de\/en\/wp-json\/wp\/v2\/pages\/7939\/revisions"}],"predecessor-version":[{"id":10956,"href":"https:\/\/paffen-sicherheit.de\/en\/wp-json\/wp\/v2\/pages\/7939\/revisions\/10956"}],"up":[{"embeddable":true,"href":"https:\/\/paffen-sicherheit.de\/en\/wp-json\/wp\/v2\/pages\/7828"}],"wp:featuredmedia":[{"embeddable":true,"href":"https:\/\/paffen-sicherheit.de\/en\/wp-json\/wp\/v2\/media\/7940"}],"wp:attachment":[{"href":"https:\/\/paffen-sicherheit.de\/en\/wp-json\/wp\/v2\/media?parent=7939"}],"curies":[{"name":"wp","href":"https:\/\/api.w.org\/{rel}","templated":true}]}}