{"id":8011,"date":"2021-04-07T18:17:17","date_gmt":"2021-04-07T16:17:17","guid":{"rendered":"https:\/\/paffen-sicherheit.de\/?page_id=8011"},"modified":"2025-11-25T13:59:08","modified_gmt":"2025-11-25T12:59:08","slug":"security-for-museums-and-cultural-institutions","status":"publish","type":"page","link":"https:\/\/paffen-sicherheit.de\/en\/branchen\/sicherheit-fuer-museen-und-kulturelle-einrichtungen\/","title":{"rendered":"Security for museums and cultural institutions"},"content":{"rendered":"<p>Museums today offer a wide variety of exhibits: Famous paintings by Picasso, van Gogh or Renoir, historical vases and sarcophagi, dinosaur skeletons and technical museum pieces. While some exhibits are rather curious, paintings and statues in particular are of considerable value.<\/p>\n\n\n\n<p>We offer the necessary protection for these exhibits without detracting from visitors' enjoyment of the art.<\/p>\n\n\n<div class=\"wp-block-image\">\n<figure class=\"aligncenter size-medium\"><img loading=\"lazy\" decoding=\"async\" width=\"1018\" height=\"720\" src=\"https:\/\/paffen-sicherheit.de\/wp-content\/uploads\/paffen_sicherheit_schaubild_museum-1018x720.jpg\" alt=\"Protection for museums and cultural institutions by Paffen Sicherheit\" class=\"wp-image-8018\" srcset=\"https:\/\/paffen-sicherheit.de\/wp-content\/uploads\/paffen_sicherheit_schaubild_museum-1018x720.jpg 1018w, https:\/\/paffen-sicherheit.de\/wp-content\/uploads\/paffen_sicherheit_schaubild_museum-1527x1080.jpg 1527w, https:\/\/paffen-sicherheit.de\/wp-content\/uploads\/paffen_sicherheit_schaubild_museum-768x543.jpg 768w, https:\/\/paffen-sicherheit.de\/wp-content\/uploads\/paffen_sicherheit_schaubild_museum-1536x1086.jpg 1536w, https:\/\/paffen-sicherheit.de\/wp-content\/uploads\/paffen_sicherheit_schaubild_museum.jpg 1980w\" sizes=\"auto, (max-width: 1018px) 100vw, 1018px\" \/><\/figure>\n<\/div>\n\n<section id=\"section-2-7813\" class=\"ct-section\" ><div class=\"ct-section-inner-wrap\"><div id=\"_rich_text-71-7813\" class=\"oxy-rich-text\" ><h2 id=\"headline-3-7813\" class=\"ct-component ct_headline ct-headline ct-active\" contenteditable=\"true\" draggable=\"false\" spellcheck=\"true\" data-aos-enabled=\"\" data-aos-duration=\"\" data-aos-easing=\"\" data-aos-offset=\"\" data-aos-delay=\"\" data-aos-anchor=\"\" data-aos-anchor-placement=\"\" data-aos-once=\"\">This is how we support you in your industry:<\/h2><\/div><div id=\"_dynamic_list-5-7813\" class=\"oxy-dynamic-list\"><div id=\"div_block-6-7813-1\" class=\"ct-div-block\" data-id=\"div_block-6-7813\"><div id=\"div_block-65-7813-1\" class=\"ct-div-block\" data-id=\"div_block-65-7813\"><div id=\"div_block-61-7813-1\" class=\"ct-div-block\" data-id=\"div_block-61-7813\"><\/div><div id=\"div_block-58-7813-1\" class=\"ct-div-block\" data-id=\"div_block-58-7813\"><div id=\"text_block-50-7813-1\" class=\"ct-text-block\" data-id=\"text_block-50-7813\"><span id=\"span-52-7813\" class=\"ct-span\" >Admission control<\/span><br><\/div><div id=\"text_block-54-7813-1\" class=\"ct-text-block\" data-id=\"text_block-54-7813\"><span id=\"span-56-7813\" class=\"ct-span\" >We check guests' tickets and bags, provide guidance and ensure that coats, cameras and prohibited items do not get into the exhibition.<\/span><br><\/div><\/div><\/div><\/div><div id=\"div_block-6-7813-2\" class=\"ct-div-block\" data-id=\"div_block-6-7813\"><div id=\"div_block-65-7813-2\" class=\"ct-div-block\" data-id=\"div_block-65-7813\"><div id=\"div_block-61-7813-2\" class=\"ct-div-block\" data-id=\"div_block-61-7813\"><\/div><div id=\"div_block-58-7813-2\" class=\"ct-div-block\" data-id=\"div_block-58-7813\"><div id=\"text_block-50-7813-2\" class=\"ct-text-block\" data-id=\"text_block-50-7813\"><span id=\"span-52-7813\" class=\"ct-span\" >Reception service<\/span><br><\/div><div id=\"text_block-54-7813-2\" class=\"ct-text-block\" data-id=\"text_block-54-7813\"><span id=\"span-56-7813\" class=\"ct-span\" >Our reception service provides information for visitors and takes care of mail, telephone and IT tasks.<\/span><br><\/div><\/div><\/div><\/div><div id=\"div_block-6-7813-3\" class=\"ct-div-block\" data-id=\"div_block-6-7813\"><div id=\"div_block-65-7813-3\" class=\"ct-div-block\" data-id=\"div_block-65-7813\"><div id=\"div_block-61-7813-3\" class=\"ct-div-block\" data-id=\"div_block-61-7813\"><\/div><div id=\"div_block-58-7813-3\" class=\"ct-div-block\" data-id=\"div_block-58-7813\"><div id=\"text_block-50-7813-3\" class=\"ct-text-block\" data-id=\"text_block-50-7813\"><span id=\"span-52-7813\" class=\"ct-span\" >Night surveillance<\/span><br><\/div><div id=\"text_block-54-7813-3\" class=\"ct-text-block\" data-id=\"text_block-54-7813\"><span id=\"span-56-7813\" class=\"ct-span\" >Nothing unusual happens in the museum at night. Our experienced security service ensures security with regular patrols and checks of windows and doors. <\/span><br><\/div><\/div><\/div><\/div><div id=\"div_block-6-7813-4\" class=\"ct-div-block\" data-id=\"div_block-6-7813\"><div id=\"div_block-65-7813-4\" class=\"ct-div-block\" data-id=\"div_block-65-7813\"><div id=\"div_block-61-7813-4\" class=\"ct-div-block\" data-id=\"div_block-61-7813\"><\/div><div id=\"div_block-58-7813-4\" class=\"ct-div-block\" data-id=\"div_block-58-7813\"><div id=\"text_block-50-7813-4\" class=\"ct-text-block\" data-id=\"text_block-50-7813\"><span id=\"span-52-7813\" class=\"ct-span\" >Personal protection<\/span><br><\/div><div id=\"text_block-54-7813-4\" class=\"ct-text-block\" data-id=\"text_block-54-7813\"><span id=\"span-56-7813\" class=\"ct-span\" >We offer a discreet escort and shuttle service for high-ranking guests at the theatre, readings or openings.<\/span><br><\/div><\/div><\/div><\/div><\/div>\n<\/div><\/section>\n\n<section id=\"bullet_section_block\" class=\"ct-section\" ><div class=\"ct-section-inner-wrap\"><div id=\"_rich_text-5-7812\" class=\"oxy-rich-text\" ><h2>No compromises when it comes to safety!<\/h2><ul><li>24-hour availability, 365 days a year<\/li><li>IHK-certified, specially trained security staff<\/li><li>Certified guard and security service in accordance with DIN7720<\/li><\/ul><\/div><div id=\"code_block-532-7515\" class=\"ct-code-block\" ><\/div><\/div><\/section>\n\n<div id=\"div_block-13-7795\" class=\"ct-div-block sectionabstandobenunten\" ><section id=\"section-12-9847\" class=\"ct-section\" style=\"background-image:linear-gradient(rgba(239,239,239,0.9), rgba(239,239,239,0.9)), url(https:\/\/paffen-sicherheit.de\/wp-content\/uploads\/Paffen_Sicherheit_60_bg_only.jpg);background-size:auto,  cover;\" ><div class=\"ct-section-inner-wrap\"><div id=\"div_block-13-9847\" class=\"ct-div-block\" ><div id=\"div_block-14-9847\" class=\"ct-div-block\" ><h2 id=\"headline-15-9847\" class=\"ct-headline subheadingh2 subheadingh3-black\">See our services for your security!<br><\/h2><div id=\"_rich_text-16-9847\" class=\"oxy-rich-text divblocktext divblocktext_shwadow\" ><p>Paffen Wachdienst &amp; Sicherheitsdienst offers you complete security solutions in the greater Cologne, Bonn, Aachen, Rhein-Sieg-Kreis and Rhein-Erft-Kreis, D\u00fcsseldorf, Dortmund, Koblenz, Neuss and Frankfurt areas. We are a security service provider everywhere\u00a0<a href=\"https:\/\/paffen-sicherheit.de\/en\/contact\/\" target=\"_blank\" rel=\"noreferrer noopener\" aria-label=\"personally for you. (opens in new tab)\">personally for you.<\/a><\/p><p>Find out more now without obligation.<\/p><\/div><a id=\"div_block-17-9847\" class=\"ct-link button-cta-tel-section button-cta-tel-section2 button-cta-tel-section3\" href=\"tel:004922897275536\"    title=\"Free quote in under 1 hour\"><div id=\"fancy_icon-19-9847\" class=\"ct-fancy-icon\" ><svg id=\"svg-fancy_icon-19-9847\"><use xlink:href=\"#FontAwesomeicon-phone\"><\/use><\/svg><\/div><div id=\"text_block-18-9847\" class=\"ct-text-block\" >0228 97 27 55 36<\/div><\/a><\/div><div id=\"div_block-23-9847\" class=\"ct-div-block\" ><img decoding=\"async\"  id=\"image-24-9847\" alt=\"Paffen Security Employee\" src=\"https:\/\/paffen-sicherheit.de\/wp-content\/uploads\/Paffen_sicherheit-cta-freisteller_400px.png\" class=\"ct-image box-shdw\" srcset-disabled=\"\" sizes=\"(max-width: 400px) 100vw, 400px\" \/><\/div><\/div><\/div><\/section><\/div>\n\n\n<h2 class=\"wp-block-heading\" id=\"h-sicherheit-in-museum-theater-und-gedenkstatte\">Security in museums, theatres and memorials<\/h2>\n\n\n\n<p>Visiting cultural institutions is a special experience for many people. Expectations of the venue itself, the staff and the physical proximity to art are correspondingly high.&nbsp;<\/p>\n\n\n\n<p>Professional security personnel are required to ensure the safety of the operator and the exhibits on display on the one hand and an unclouded experience on the other. Our security specialists appear in proper uniforms and always behave in a discreet and friendly manner.<\/p>\n\n\n\n<p>We provide trained staff for admission control who can safely detect prohibited items. Our staff ensure that bags, cameras or glass bottles do not get into exhibitions or events if this is not desired. A calm but firm manner is necessary to strike the right note in an emergency. Our employees therefore all undergo de-escalation training.<\/p>\n\n\n\n<p>We are also happy to support you with a professional <a href=\"https:\/\/paffen-sicherheit.de\/en\/services\/reception-service-gate-service\/\">Porterage<\/a>. We direct the flow of visitors, answer all their questions in a friendly manner and provide information on the phone. We also take care of incoming and outgoing mail as well as light IT tasks.<\/p>\n\n\n\n<p>Whether during the day or at night, we work with you to develop a customised security concept to provide the best possible protection for the exhibits in the exhibition rooms and archives. To this end, we provide security personnel day and night and utilise state-of-the-art monitoring and hazard detection systems.<\/p>\n\n\n\n<p>For special occasions, we also provide security for high-ranking guests. Our escort and chauffeur service takes care of VIPs discreetly and around the clock.<\/p>","protected":false},"excerpt":{"rendered":"<p>Museums today offer a wide variety of exhibits: Famous paintings by Picasso, van Gogh or Renoir, historical vases and sarcophagi, dinosaur skeletons and technical museum pieces. While some exhibits are rather curious, paintings and statues in particular...<\/p>","protected":false},"author":1,"featured_media":8016,"parent":7828,"menu_order":0,"comment_status":"closed","ping_status":"closed","template":"","meta":{"_acf_changed":false,"footnotes":""},"class_list":["post-8011","page","type-page","status-publish","has-post-thumbnail","hentry"],"acf":[],"yoast_head":"<!-- This site is optimized with the Yoast SEO Premium plugin v27.4 (Yoast SEO v27.4) - https:\/\/yoast.com\/product\/yoast-seo-premium-wordpress\/ -->\n<title>Schutz f\u00fcr Museen &amp; kulturelle Einrichtungen<\/title>\n<meta name=\"description\" content=\"Sicherheit f\u00fcr f\u00fcr Museen und kulturelle Einrichtungen \u00bb Schutz vor Einbr\u00fcchen \u2713 Diebstahl \u2713 Vandalismus \u2713 Sabotage \u2713 Jetzt Konzept anfragen!\" \/>\n<meta name=\"robots\" content=\"index, follow, max-snippet:-1, max-image-preview:large, max-video-preview:-1\" \/>\n<link rel=\"canonical\" href=\"https:\/\/paffen-sicherheit.de\/en\/branches\/security-for-museums-and-cultural-institutions\/\" \/>\n<meta property=\"og:locale\" content=\"en_GB\" \/>\n<meta property=\"og:type\" content=\"article\" \/>\n<meta property=\"og:title\" content=\"Sicherheit f\u00fcr Museen und kulturelle Einrichtungen\" \/>\n<meta property=\"og:description\" content=\"Sicherheit f\u00fcr f\u00fcr Museen und kulturelle Einrichtungen \u00bb Schutz vor Einbr\u00fcchen \u2713 Diebstahl \u2713 Vandalismus \u2713 Sabotage \u2713 Jetzt Konzept anfragen!\" \/>\n<meta property=\"og:url\" content=\"https:\/\/paffen-sicherheit.de\/en\/branches\/security-for-museums-and-cultural-institutions\/\" \/>\n<meta property=\"og:site_name\" content=\"Paffen Sicherheit\" \/>\n<meta property=\"article:publisher\" content=\"https:\/\/www.facebook.com\/paffen.sicherheit\/\" \/>\n<meta property=\"article:modified_time\" content=\"2025-11-25T12:59:08+00:00\" \/>\n<meta property=\"og:image\" content=\"https:\/\/paffen-sicherheit.de\/wp-content\/uploads\/paffen_sicherheit_museen.jpg\" \/>\n\t<meta property=\"og:image:width\" content=\"1440\" \/>\n\t<meta property=\"og:image:height\" content=\"1440\" \/>\n\t<meta property=\"og:image:type\" content=\"image\/jpeg\" \/>\n<meta name=\"twitter:card\" content=\"summary_large_image\" \/>\n<meta name=\"twitter:site\" content=\"@InfoPaffen\" \/>\n<meta name=\"twitter:label1\" content=\"Estimated reading time\" \/>\n\t<meta name=\"twitter:data1\" content=\"2 minutes\" \/>\n<script type=\"application\/ld+json\" class=\"yoast-schema-graph\">{\"@context\":\"https:\\\/\\\/schema.org\",\"@graph\":[{\"@type\":\"WebPage\",\"@id\":\"https:\\\/\\\/paffen-sicherheit.de\\\/en\\\/wp-json\\\/wp\\\/v2\\\/pages\\\/8011\",\"url\":\"https:\\\/\\\/paffen-sicherheit.de\\\/en\\\/wp-json\\\/wp\\\/v2\\\/pages\\\/8011\",\"name\":\"Schutz f\u00fcr Museen & kulturelle Einrichtungen\",\"isPartOf\":{\"@id\":\"https:\\\/\\\/paffen-sicherheit.de\\\/en\\\/#website\"},\"primaryImageOfPage\":{\"@id\":\"https:\\\/\\\/paffen-sicherheit.de\\\/en\\\/wp-json\\\/wp\\\/v2\\\/pages\\\/8011\\\/#primaryimage\"},\"image\":{\"@id\":\"https:\\\/\\\/paffen-sicherheit.de\\\/en\\\/wp-json\\\/wp\\\/v2\\\/pages\\\/8011\\\/#primaryimage\"},\"thumbnailUrl\":\"https:\\\/\\\/paffen-sicherheit.de\\\/wp-content\\\/uploads\\\/paffen_sicherheit_museen.jpg\",\"datePublished\":\"2021-04-07T16:17:17+00:00\",\"dateModified\":\"2025-11-25T12:59:08+00:00\",\"description\":\"Sicherheit f\u00fcr f\u00fcr Museen und kulturelle Einrichtungen \u00bb Schutz vor Einbr\u00fcchen \u2713 Diebstahl \u2713 Vandalismus \u2713 Sabotage \u2713 Jetzt Konzept anfragen!\",\"breadcrumb\":{\"@id\":\"https:\\\/\\\/paffen-sicherheit.de\\\/en\\\/wp-json\\\/wp\\\/v2\\\/pages\\\/8011\\\/#breadcrumb\"},\"inLanguage\":\"en-GB\",\"potentialAction\":[{\"@type\":\"ReadAction\",\"target\":[\"https:\\\/\\\/paffen-sicherheit.de\\\/en\\\/wp-json\\\/wp\\\/v2\\\/pages\\\/8011\"]}]},{\"@type\":\"ImageObject\",\"inLanguage\":\"en-GB\",\"@id\":\"https:\\\/\\\/paffen-sicherheit.de\\\/en\\\/wp-json\\\/wp\\\/v2\\\/pages\\\/8011\\\/#primaryimage\",\"url\":\"https:\\\/\\\/paffen-sicherheit.de\\\/wp-content\\\/uploads\\\/paffen_sicherheit_museen.jpg\",\"contentUrl\":\"https:\\\/\\\/paffen-sicherheit.de\\\/wp-content\\\/uploads\\\/paffen_sicherheit_museen.jpg\",\"width\":1440,\"height\":1440,\"caption\":\"Unsere Anspr\u00fcche sind hoch: grenzenloser Kunstgenuss f\u00fcr unsere G\u00e4ste \u2013 aber kein Risiko f\u00fcr uns.\"},{\"@type\":\"BreadcrumbList\",\"@id\":\"https:\\\/\\\/paffen-sicherheit.de\\\/en\\\/wp-json\\\/wp\\\/v2\\\/pages\\\/8011\\\/#breadcrumb\",\"itemListElement\":[{\"@type\":\"ListItem\",\"position\":1,\"name\":\"Start\",\"item\":\"https:\\\/\\\/paffen-sicherheit.de\\\/en\\\/\"},{\"@type\":\"ListItem\",\"position\":2,\"name\":\"Branchen\",\"item\":\"https:\\\/\\\/paffen-sicherheit.de\\\/en\\\/branches\\\/\"},{\"@type\":\"ListItem\",\"position\":3,\"name\":\"Sicherheit f\u00fcr Museen und kulturelle Einrichtungen\"}]},{\"@type\":\"WebSite\",\"@id\":\"https:\\\/\\\/paffen-sicherheit.de\\\/en\\\/#website\",\"url\":\"https:\\\/\\\/paffen-sicherheit.de\\\/en\\\/\",\"name\":\"Paffen Sicherheit\",\"description\":\"\",\"publisher\":{\"@id\":\"https:\\\/\\\/paffen-sicherheit.de\\\/en\\\/#organization\"},\"potentialAction\":[{\"@type\":\"SearchAction\",\"target\":{\"@type\":\"EntryPoint\",\"urlTemplate\":\"https:\\\/\\\/paffen-sicherheit.de\\\/en\\\/?s={search_term_string}\"},\"query-input\":{\"@type\":\"PropertyValueSpecification\",\"valueRequired\":true,\"valueName\":\"search_term_string\"}}],\"inLanguage\":\"en-GB\"},{\"@type\":\"Organization\",\"@id\":\"https:\\\/\\\/paffen-sicherheit.de\\\/en\\\/#organization\",\"name\":\"Paffen Wach- und Sicherheitsdienst GmbH\",\"alternateName\":\"Paffen Sicherheitsdienst\",\"url\":\"https:\\\/\\\/paffen-sicherheit.de\\\/en\\\/\",\"logo\":{\"@type\":\"ImageObject\",\"inLanguage\":\"en-GB\",\"@id\":\"https:\\\/\\\/paffen-sicherheit.de\\\/en\\\/#\\\/schema\\\/logo\\\/image\\\/\",\"url\":\"https:\\\/\\\/paffen-sicherheit.de\\\/wp-content\\\/uploads\\\/cropped-paffenfavicon2.0.png\",\"contentUrl\":\"https:\\\/\\\/paffen-sicherheit.de\\\/wp-content\\\/uploads\\\/cropped-paffenfavicon2.0.png\",\"width\":512,\"height\":512,\"caption\":\"Paffen Wach- und Sicherheitsdienst GmbH\"},\"image\":{\"@id\":\"https:\\\/\\\/paffen-sicherheit.de\\\/en\\\/#\\\/schema\\\/logo\\\/image\\\/\"},\"sameAs\":[\"https:\\\/\\\/www.facebook.com\\\/paffen.sicherheit\\\/\",\"https:\\\/\\\/x.com\\\/InfoPaffen\",\"https:\\\/\\\/www.instagram.com\\\/paffensicherheit\\\/\",\"https:\\\/\\\/www.linkedin.com\\\/company\\\/paffen-wach-und-sicherheitsdienst-gmbh\\\/\"],\"description\":\"Lokal ans\u00e4ssiger Sicherheitsdienst f\u00fcr den Gro\u00dfraum NRW mit Standorten in Bonn, K\u00f6ln, D\u00fcsseldorf, Duisburg, Koblenz und Essen. Als mittelst\u00e4ndische, zertifizierte Sicherheitsfirma ist Paffen Wachdienst & Sicherheitsdienst f\u00fcr Gesch\u00e4fts- wie Privatkunden der erste Ansprechpartner f\u00fcr alle sicherheitsrelevanten Themen im Bereich Objektschutz, Werkschutz, Personenschutz, sowie Veranstaltungsschutz. Ladendetektiv und Sicherungsposten.\",\"email\":\"info@paffen-sicherheit.de\",\"telephone\":\"0228 97 27 55 36\",\"legalName\":\"Paffen Wach- und Sicherheitsdienst GmbH\"}]}<\/script>\n<!-- \/ Yoast SEO Premium plugin. -->","yoast_head_json":{"title":"Protection for museums &amp; cultural institutions","description":"Security for museums and cultural institutions \u00bb Protection against break-ins \u2713 Theft \u2713 Vandalism \u2713 Sabotage \u2713 Request a concept now!","robots":{"index":"index","follow":"follow","max-snippet":"max-snippet:-1","max-image-preview":"max-image-preview:large","max-video-preview":"max-video-preview:-1"},"canonical":"https:\/\/paffen-sicherheit.de\/en\/branches\/security-for-museums-and-cultural-institutions\/","og_locale":"en_GB","og_type":"article","og_title":"Sicherheit f\u00fcr Museen und kulturelle Einrichtungen","og_description":"Sicherheit f\u00fcr f\u00fcr Museen und kulturelle Einrichtungen \u00bb Schutz vor Einbr\u00fcchen \u2713 Diebstahl \u2713 Vandalismus \u2713 Sabotage \u2713 Jetzt Konzept anfragen!","og_url":"https:\/\/paffen-sicherheit.de\/en\/branches\/security-for-museums-and-cultural-institutions\/","og_site_name":"Paffen Sicherheit","article_publisher":"https:\/\/www.facebook.com\/paffen.sicherheit\/","article_modified_time":"2025-11-25T12:59:08+00:00","og_image":[{"width":1440,"height":1440,"url":"https:\/\/paffen-sicherheit.de\/wp-content\/uploads\/paffen_sicherheit_museen.jpg","type":"image\/jpeg"}],"twitter_card":"summary_large_image","twitter_site":"@InfoPaffen","twitter_misc":{"Estimated reading time":"2 minutes"},"schema":{"@context":"https:\/\/schema.org","@graph":[{"@type":"WebPage","@id":"https:\/\/paffen-sicherheit.de\/en\/wp-json\/wp\/v2\/pages\/8011","url":"https:\/\/paffen-sicherheit.de\/en\/wp-json\/wp\/v2\/pages\/8011","name":"Protection for museums &amp; cultural institutions","isPartOf":{"@id":"https:\/\/paffen-sicherheit.de\/en\/#website"},"primaryImageOfPage":{"@id":"https:\/\/paffen-sicherheit.de\/en\/wp-json\/wp\/v2\/pages\/8011\/#primaryimage"},"image":{"@id":"https:\/\/paffen-sicherheit.de\/en\/wp-json\/wp\/v2\/pages\/8011\/#primaryimage"},"thumbnailUrl":"https:\/\/paffen-sicherheit.de\/wp-content\/uploads\/paffen_sicherheit_museen.jpg","datePublished":"2021-04-07T16:17:17+00:00","dateModified":"2025-11-25T12:59:08+00:00","description":"Security for museums and cultural institutions \u00bb Protection against break-ins \u2713 Theft \u2713 Vandalism \u2713 Sabotage \u2713 Request a concept now!","breadcrumb":{"@id":"https:\/\/paffen-sicherheit.de\/en\/wp-json\/wp\/v2\/pages\/8011\/#breadcrumb"},"inLanguage":"en-GB","potentialAction":[{"@type":"ReadAction","target":["https:\/\/paffen-sicherheit.de\/en\/wp-json\/wp\/v2\/pages\/8011"]}]},{"@type":"ImageObject","inLanguage":"en-GB","@id":"https:\/\/paffen-sicherheit.de\/en\/wp-json\/wp\/v2\/pages\/8011\/#primaryimage","url":"https:\/\/paffen-sicherheit.de\/wp-content\/uploads\/paffen_sicherheit_museen.jpg","contentUrl":"https:\/\/paffen-sicherheit.de\/wp-content\/uploads\/paffen_sicherheit_museen.jpg","width":1440,"height":1440,"caption":"Unsere Anspr\u00fcche sind hoch: grenzenloser Kunstgenuss f\u00fcr unsere G\u00e4ste \u2013 aber kein Risiko f\u00fcr uns."},{"@type":"BreadcrumbList","@id":"https:\/\/paffen-sicherheit.de\/en\/wp-json\/wp\/v2\/pages\/8011\/#breadcrumb","itemListElement":[{"@type":"ListItem","position":1,"name":"Start","item":"https:\/\/paffen-sicherheit.de\/en\/"},{"@type":"ListItem","position":2,"name":"Branchen","item":"https:\/\/paffen-sicherheit.de\/en\/branches\/"},{"@type":"ListItem","position":3,"name":"Sicherheit f\u00fcr Museen und kulturelle Einrichtungen"}]},{"@type":"WebSite","@id":"https:\/\/paffen-sicherheit.de\/en\/#website","url":"https:\/\/paffen-sicherheit.de\/en\/","name":"Paffen Security","description":"","publisher":{"@id":"https:\/\/paffen-sicherheit.de\/en\/#organization"},"potentialAction":[{"@type":"SearchAction","target":{"@type":"EntryPoint","urlTemplate":"https:\/\/paffen-sicherheit.de\/en\/?s={search_term_string}"},"query-input":{"@type":"PropertyValueSpecification","valueRequired":true,"valueName":"search_term_string"}}],"inLanguage":"en-GB"},{"@type":"Organization","@id":"https:\/\/paffen-sicherheit.de\/en\/#organization","name":"Paffen Security Services GmbH","alternateName":"Paffen Sicherheitsdienst","url":"https:\/\/paffen-sicherheit.de\/en\/","logo":{"@type":"ImageObject","inLanguage":"en-GB","@id":"https:\/\/paffen-sicherheit.de\/en\/#\/schema\/logo\/image\/","url":"https:\/\/paffen-sicherheit.de\/wp-content\/uploads\/cropped-paffenfavicon2.0.png","contentUrl":"https:\/\/paffen-sicherheit.de\/wp-content\/uploads\/cropped-paffenfavicon2.0.png","width":512,"height":512,"caption":"Paffen Wach- und Sicherheitsdienst GmbH"},"image":{"@id":"https:\/\/paffen-sicherheit.de\/en\/#\/schema\/logo\/image\/"},"sameAs":["https:\/\/www.facebook.com\/paffen.sicherheit\/","https:\/\/x.com\/InfoPaffen","https:\/\/www.instagram.com\/paffensicherheit\/","https:\/\/www.linkedin.com\/company\/paffen-wach-und-sicherheitsdienst-gmbh\/"],"description":"Local security service for the wider NRW region with locations in Bonn, Cologne, D\u00fcsseldorf, Duisburg, Koblenz, and Essen. As a medium-sized, certified security company, Paffen Wachdienst &amp; Sicherheitsdienst is the first point of contact for both business and private clients for all security-related matters in the areas of property protection, industrial security, personal protection, and event security. Store detective and safety guard.","email":"info@paffen-sicherheit.de","telephone":"0228 97 27 55 36","legalName":"Paffen Wach- und Sicherheitsdienst GmbH"}]}},"_links":{"self":[{"href":"https:\/\/paffen-sicherheit.de\/en\/wp-json\/wp\/v2\/pages\/8011","targetHints":{"allow":["GET"]}}],"collection":[{"href":"https:\/\/paffen-sicherheit.de\/en\/wp-json\/wp\/v2\/pages"}],"about":[{"href":"https:\/\/paffen-sicherheit.de\/en\/wp-json\/wp\/v2\/types\/page"}],"author":[{"embeddable":true,"href":"https:\/\/paffen-sicherheit.de\/en\/wp-json\/wp\/v2\/users\/1"}],"replies":[{"embeddable":true,"href":"https:\/\/paffen-sicherheit.de\/en\/wp-json\/wp\/v2\/comments?post=8011"}],"version-history":[{"count":2,"href":"https:\/\/paffen-sicherheit.de\/en\/wp-json\/wp\/v2\/pages\/8011\/revisions"}],"predecessor-version":[{"id":10960,"href":"https:\/\/paffen-sicherheit.de\/en\/wp-json\/wp\/v2\/pages\/8011\/revisions\/10960"}],"up":[{"embeddable":true,"href":"https:\/\/paffen-sicherheit.de\/en\/wp-json\/wp\/v2\/pages\/7828"}],"wp:featuredmedia":[{"embeddable":true,"href":"https:\/\/paffen-sicherheit.de\/en\/wp-json\/wp\/v2\/media\/8016"}],"wp:attachment":[{"href":"https:\/\/paffen-sicherheit.de\/en\/wp-json\/wp\/v2\/media?parent=8011"}],"curies":[{"name":"wp","href":"https:\/\/api.w.org\/{rel}","templated":true}]}}