{"id":8379,"date":"2021-10-05T21:37:10","date_gmt":"2021-10-05T19:37:10","guid":{"rendered":"https:\/\/paffen-sicherheit.de\/?page_id=8379"},"modified":"2025-11-25T14:00:30","modified_gmt":"2025-11-25T13:00:30","slug":"security-for-the-oepnv","status":"publish","type":"page","link":"https:\/\/paffen-sicherheit.de\/en\/branchen\/sicherheit-fur-den-oepnv\/","title":{"rendered":"Safety for public transport"},"content":{"rendered":"<p>30 million passengers use public transport in Germany every day. Cleanliness and safety play a major role in the decision to use public transport - and at an affordable price. At the same time, vandalism, littering and fare evasion are putting transport companies under increasing financial pressure.<\/p>\n\n\n\n<p>We reliably reduce vandalism and other cost drivers - for your company and your passengers.<\/p>\n\n\n\n<figure class=\"wp-block-image size-large\"><img loading=\"lazy\" decoding=\"async\" width=\"1528\" height=\"1080\" src=\"https:\/\/paffen-sicherheit.de\/wp-content\/uploads\/paffen_sicherheit_oepnv-1528x1080.jpg\" alt=\"Paffen Sicherheit protects public transport\" class=\"wp-image-8382\" srcset=\"https:\/\/paffen-sicherheit.de\/wp-content\/uploads\/paffen_sicherheit_oepnv-1528x1080.jpg 1528w, https:\/\/paffen-sicherheit.de\/wp-content\/uploads\/paffen_sicherheit_oepnv-1019x720.jpg 1019w, https:\/\/paffen-sicherheit.de\/wp-content\/uploads\/paffen_sicherheit_oepnv-768x543.jpg 768w, https:\/\/paffen-sicherheit.de\/wp-content\/uploads\/paffen_sicherheit_oepnv-1536x1086.jpg 1536w, https:\/\/paffen-sicherheit.de\/wp-content\/uploads\/paffen_sicherheit_oepnv.jpg 1920w\" sizes=\"auto, (max-width: 1528px) 100vw, 1528px\" \/><\/figure>\n\n\n<section id=\"section-2-7813\" class=\"ct-section\" ><div class=\"ct-section-inner-wrap\"><div id=\"_rich_text-71-7813\" class=\"oxy-rich-text\" ><h2 id=\"headline-3-7813\" class=\"ct-component ct_headline ct-headline ct-active\" contenteditable=\"true\" draggable=\"false\" spellcheck=\"true\" data-aos-enabled=\"\" data-aos-duration=\"\" data-aos-easing=\"\" data-aos-offset=\"\" data-aos-delay=\"\" data-aos-anchor=\"\" data-aos-anchor-placement=\"\" data-aos-once=\"\">This is how we support you in public transport:<\/h2><\/div><div id=\"_dynamic_list-5-7813\" class=\"oxy-dynamic-list\"><div id=\"div_block-6-7813-1\" class=\"ct-div-block\" data-id=\"div_block-6-7813\"><div id=\"div_block-65-7813-1\" class=\"ct-div-block\" data-id=\"div_block-65-7813\"><div id=\"div_block-61-7813-1\" class=\"ct-div-block\" data-id=\"div_block-61-7813\"><\/div><div id=\"div_block-58-7813-1\" class=\"ct-div-block\" data-id=\"div_block-58-7813\"><div id=\"text_block-50-7813-1\" class=\"ct-text-block\" data-id=\"text_block-50-7813\"><span id=\"span-52-7813\" class=\"ct-span\" >Train escort<\/span><br><\/div><div id=\"text_block-54-7813-1\" class=\"ct-text-block\" data-id=\"text_block-54-7813\"><span id=\"span-56-7813\" class=\"ct-span\" >Safety is our top priority. Our train attendants ensure safe train journeys and prevent vandalism. <\/span><br><\/div><\/div><\/div><\/div><div id=\"div_block-6-7813-2\" class=\"ct-div-block\" data-id=\"div_block-6-7813\"><div id=\"div_block-65-7813-2\" class=\"ct-div-block\" data-id=\"div_block-65-7813\"><div id=\"div_block-61-7813-2\" class=\"ct-div-block\" data-id=\"div_block-61-7813\"><\/div><div id=\"div_block-58-7813-2\" class=\"ct-div-block\" data-id=\"div_block-58-7813\"><div id=\"text_block-50-7813-2\" class=\"ct-text-block\" data-id=\"text_block-50-7813\"><span id=\"span-52-7813\" class=\"ct-span\" >Ticket inspection<\/span><br><\/div><div id=\"text_block-54-7813-2\" class=\"ct-text-block\" data-id=\"text_block-54-7813\"><span id=\"span-56-7813\" class=\"ct-span\" >Fare dodging costs your company a lot of money. Regular ticket inspections deter fare dodgers.<\/span><br><\/div><\/div><\/div><\/div><div id=\"div_block-6-7813-3\" class=\"ct-div-block\" data-id=\"div_block-6-7813\"><div id=\"div_block-65-7813-3\" class=\"ct-div-block\" data-id=\"div_block-65-7813\"><div id=\"div_block-61-7813-3\" class=\"ct-div-block\" data-id=\"div_block-61-7813\"><\/div><div id=\"div_block-58-7813-3\" class=\"ct-div-block\" data-id=\"div_block-58-7813\"><div id=\"text_block-50-7813-3\" class=\"ct-text-block\" data-id=\"text_block-50-7813\"><span id=\"span-52-7813\" class=\"ct-span\" >Track safety<\/span><br><\/div><div id=\"text_block-54-7813-3\" class=\"ct-text-block\" data-id=\"text_block-54-7813\"><span id=\"span-56-7813\" class=\"ct-span\" >Unauthorised access to the tracks can be life-threatening. We ensure safety on railway tracks and in railway stations.<\/span><br><\/div><\/div><\/div><\/div><div id=\"div_block-6-7813-4\" class=\"ct-div-block\" data-id=\"div_block-6-7813\"><div id=\"div_block-65-7813-4\" class=\"ct-div-block\" data-id=\"div_block-65-7813\"><div id=\"div_block-61-7813-4\" class=\"ct-div-block\" data-id=\"div_block-61-7813\"><\/div><div id=\"div_block-58-7813-4\" class=\"ct-div-block\" data-id=\"div_block-58-7813\"><div id=\"text_block-50-7813-4\" class=\"ct-text-block\" data-id=\"text_block-50-7813\"><span id=\"span-52-7813\" class=\"ct-span\" >Object protection<\/span><br><\/div><div id=\"text_block-54-7813-4\" class=\"ct-text-block\" data-id=\"text_block-54-7813\"><span id=\"span-56-7813\" class=\"ct-span\" >Station buildings are always a hive of activity. To keep everything clean and tidy, we combat vandalism and soiling.<\/span><br><\/div><\/div><\/div><\/div><\/div>\n<\/div><\/section>\n\n<section id=\"bullet_section_block\" class=\"ct-section\" ><div class=\"ct-section-inner-wrap\"><div id=\"_rich_text-5-7812\" class=\"oxy-rich-text\" ><h2>No compromises when it comes to safety!<\/h2><ul><li>24-hour availability, 365 days a year<\/li><li>IHK-certified, specially trained security staff<\/li><li>Certified guard and security service in accordance with DIN7720<\/li><\/ul><\/div><div id=\"code_block-532-7515\" class=\"ct-code-block\" ><\/div><\/div><\/section>\n\n\n<div class=\"wp-block-group alignfull\"><div class=\"wp-block-group__inner-container is-layout-flow wp-block-group-is-layout-flow\"><div id=\"div_block-13-7795\" class=\"ct-div-block sectionabstandobenunten\" ><section id=\"section-12-9847\" class=\"ct-section\" style=\"background-image:linear-gradient(rgba(239,239,239,0.9), rgba(239,239,239,0.9)), url(https:\/\/paffen-sicherheit.de\/wp-content\/uploads\/Paffen_Sicherheit_60_bg_only.jpg);background-size:auto,  cover;\" ><div class=\"ct-section-inner-wrap\"><div id=\"div_block-13-9847\" class=\"ct-div-block\" ><div id=\"div_block-14-9847\" class=\"ct-div-block\" ><h2 id=\"headline-15-9847\" class=\"ct-headline subheadingh2 subheadingh3-black\">See our services for your security!<br><\/h2><div id=\"_rich_text-16-9847\" class=\"oxy-rich-text divblocktext divblocktext_shwadow\" ><p>Paffen Wachdienst &amp; Sicherheitsdienst offers you complete security solutions in the greater Cologne, Bonn, Aachen, Rhein-Sieg-Kreis and Rhein-Erft-Kreis, D\u00fcsseldorf, Dortmund, Koblenz, Neuss and Frankfurt areas. We are a security service provider everywhere\u00a0<a href=\"https:\/\/paffen-sicherheit.de\/en\/contact\/\" target=\"_blank\" rel=\"noreferrer noopener\" aria-label=\"personally for you. (opens in new tab)\">personally for you.<\/a><\/p><p>Find out more now without obligation.<\/p><\/div><a id=\"div_block-17-9847\" class=\"ct-link button-cta-tel-section button-cta-tel-section2 button-cta-tel-section3\" href=\"tel:004922897275536\"    title=\"Free quote in under 1 hour\"><div id=\"fancy_icon-19-9847\" class=\"ct-fancy-icon\" ><svg id=\"svg-fancy_icon-19-9847\"><use xlink:href=\"#FontAwesomeicon-phone\"><\/use><\/svg><\/div><div id=\"text_block-18-9847\" class=\"ct-text-block\" >0228 97 27 55 36<\/div><\/a><\/div><div id=\"div_block-23-9847\" class=\"ct-div-block\" ><img decoding=\"async\"  id=\"image-24-9847\" alt=\"Paffen Security Employee\" src=\"https:\/\/paffen-sicherheit.de\/wp-content\/uploads\/Paffen_sicherheit-cta-freisteller_400px.png\" class=\"ct-image box-shdw\" srcset-disabled=\"\" sizes=\"(max-width: 400px) 100vw, 400px\" \/><\/div><\/div><\/div><\/section><\/div><\/div><\/div>\n\n\n\n<h2 class=\"wp-block-heading\" id=\"h-sicherheit-fur-bahnhofe-gleise-und-zuge\">Safety for railway stations, tracks and trains<\/h2>\n\n\n\n<p>Safety, cleanliness and service are the key words for public transport. And this applies to a large number of passengers who use public transport every day. Long-term customers also include those who damage and soil the property of transport companies and inconvenience other passengers or do not pay for transport.<\/p>\n\n\n\n<p>A sure instinct is therefore required to ensure good service, cleanliness and order. Our aim is to prevent vandalism and fare evasion, while at the same time being friendly and service-orientated. Our team ensures the prevention of offences through presence and patrols and is happy to help with guests' questions and concerns.<\/p>\n\n\n\n<p>The publicly accessible buildings of transport companies, and especially the railway tracks and parked trains, are particularly prone to vandalism in the form of graffiti and soiling. High-spirited young people and other unauthorised persons can cause life-threatening injuries to themselves and others when entering track facilities and parked trains. With specially trained personnel, a strong presence and video technology, we always keep an eye on vulnerable areas.<\/p>\n\n\n\n<p>We offer you a coherent overall concept with services for public transport from a single source. Together with you, we prepare a precise needs analysis that takes into account the local conditions and your own personnel capacities.<\/p>\n\n\n\n<p>We then draw up a catalogue of measures that <a href=\"https:\/\/paffen-sicherheit.de\/en\/services\/object-protection\/\">Object protection<\/a>, ticket inspection, access control, train attendance, track security, locking services and patrols.<\/p>\n\n\n\n<p>We provide comprehensive security that takes the financial burden off your shoulders. Get in touch with us!<\/p>","protected":false},"excerpt":{"rendered":"<p>30 million passengers use public transport in Germany every day. Cleanliness and safety play a major role in the decision to use public transport - and at an affordable price. At the same time, vandalism,...<\/p>","protected":false},"author":1,"featured_media":8375,"parent":7828,"menu_order":0,"comment_status":"closed","ping_status":"closed","template":"","meta":{"_acf_changed":false,"footnotes":""},"class_list":["post-8379","page","type-page","status-publish","has-post-thumbnail","hentry"],"acf":[],"yoast_head":"<!-- This site is optimized with the Yoast SEO Premium plugin v27.4 (Yoast SEO v27.4) - https:\/\/yoast.com\/product\/yoast-seo-premium-wordpress\/ -->\n<title>Sicherheit f\u00fcr den \u00d6PNV | Paffen Sicherheitsdienst<\/title>\n<meta name=\"description\" content=\"Sicherheit f\u00fcr den \u00d6PNV \u00bb Zugbegleitung \u2713 Fahrscheinkontrolle \u2713 Gleissicherung \u2713 Objektschutz \u2713 Jetzt individuelles Konzept anfragen!\" \/>\n<meta name=\"robots\" content=\"index, follow, max-snippet:-1, max-image-preview:large, max-video-preview:-1\" \/>\n<link rel=\"canonical\" href=\"https:\/\/paffen-sicherheit.de\/en\/branches\/security-for-the-oepnv\/\" \/>\n<meta property=\"og:locale\" content=\"en_GB\" \/>\n<meta property=\"og:type\" content=\"article\" \/>\n<meta property=\"og:title\" content=\"Sicherheit f\u00fcr den \u00d6PNV\" \/>\n<meta property=\"og:description\" content=\"Sicherheit f\u00fcr den \u00d6PNV \u00bb Zugbegleitung \u2713 Fahrscheinkontrolle \u2713 Gleissicherung \u2713 Objektschutz \u2713 Jetzt individuelles Konzept anfragen!\" \/>\n<meta property=\"og:url\" content=\"https:\/\/paffen-sicherheit.de\/en\/branches\/security-for-the-oepnv\/\" \/>\n<meta property=\"og:site_name\" content=\"Paffen Sicherheit\" \/>\n<meta property=\"article:publisher\" content=\"https:\/\/www.facebook.com\/paffen.sicherheit\/\" \/>\n<meta property=\"article:modified_time\" content=\"2025-11-25T13:00:30+00:00\" \/>\n<meta property=\"og:image\" content=\"https:\/\/paffen-sicherheit.de\/wp-content\/uploads\/sicherheit-oepnv.jpg\" \/>\n\t<meta property=\"og:image:width\" content=\"1920\" \/>\n\t<meta property=\"og:image:height\" content=\"1280\" \/>\n\t<meta property=\"og:image:type\" content=\"image\/jpeg\" \/>\n<meta name=\"twitter:card\" content=\"summary_large_image\" \/>\n<meta name=\"twitter:site\" content=\"@InfoPaffen\" \/>\n<meta name=\"twitter:label1\" content=\"Estimated reading time\" \/>\n\t<meta name=\"twitter:data1\" content=\"4 minutes\" \/>\n<script type=\"application\/ld+json\" class=\"yoast-schema-graph\">{\"@context\":\"https:\\\/\\\/schema.org\",\"@graph\":[{\"@type\":\"WebPage\",\"@id\":\"https:\\\/\\\/paffen-sicherheit.de\\\/en\\\/wp-json\\\/wp\\\/v2\\\/pages\\\/8379\",\"url\":\"https:\\\/\\\/paffen-sicherheit.de\\\/en\\\/wp-json\\\/wp\\\/v2\\\/pages\\\/8379\",\"name\":\"Sicherheit f\u00fcr den \u00d6PNV | Paffen Sicherheitsdienst\",\"isPartOf\":{\"@id\":\"https:\\\/\\\/paffen-sicherheit.de\\\/en\\\/#website\"},\"primaryImageOfPage\":{\"@id\":\"https:\\\/\\\/paffen-sicherheit.de\\\/en\\\/wp-json\\\/wp\\\/v2\\\/pages\\\/8379\\\/#primaryimage\"},\"image\":{\"@id\":\"https:\\\/\\\/paffen-sicherheit.de\\\/en\\\/wp-json\\\/wp\\\/v2\\\/pages\\\/8379\\\/#primaryimage\"},\"thumbnailUrl\":\"https:\\\/\\\/paffen-sicherheit.de\\\/wp-content\\\/uploads\\\/sicherheit-oepnv.jpg\",\"datePublished\":\"2021-10-05T19:37:10+00:00\",\"dateModified\":\"2025-11-25T13:00:30+00:00\",\"description\":\"Sicherheit f\u00fcr den \u00d6PNV \u00bb Zugbegleitung \u2713 Fahrscheinkontrolle \u2713 Gleissicherung \u2713 Objektschutz \u2713 Jetzt individuelles Konzept anfragen!\",\"breadcrumb\":{\"@id\":\"https:\\\/\\\/paffen-sicherheit.de\\\/en\\\/wp-json\\\/wp\\\/v2\\\/pages\\\/8379\\\/#breadcrumb\"},\"inLanguage\":\"en-GB\",\"potentialAction\":[{\"@type\":\"ReadAction\",\"target\":[\"https:\\\/\\\/paffen-sicherheit.de\\\/en\\\/wp-json\\\/wp\\\/v2\\\/pages\\\/8379\"]}]},{\"@type\":\"ImageObject\",\"inLanguage\":\"en-GB\",\"@id\":\"https:\\\/\\\/paffen-sicherheit.de\\\/en\\\/wp-json\\\/wp\\\/v2\\\/pages\\\/8379\\\/#primaryimage\",\"url\":\"https:\\\/\\\/paffen-sicherheit.de\\\/wp-content\\\/uploads\\\/sicherheit-oepnv.jpg\",\"contentUrl\":\"https:\\\/\\\/paffen-sicherheit.de\\\/wp-content\\\/uploads\\\/sicherheit-oepnv.jpg\",\"width\":1920,\"height\":1280,\"caption\":\"Wir lassen Gleise, Z\u00fcge und Geb\u00e4ude professionell vom Paffen Sicherheitsdienst bewachen. So sorgen wir f\u00fcr Sicherheit, auch f\u00fcr unsere Fahrg\u00e4ste.\"},{\"@type\":\"BreadcrumbList\",\"@id\":\"https:\\\/\\\/paffen-sicherheit.de\\\/en\\\/wp-json\\\/wp\\\/v2\\\/pages\\\/8379\\\/#breadcrumb\",\"itemListElement\":[{\"@type\":\"ListItem\",\"position\":1,\"name\":\"Start\",\"item\":\"https:\\\/\\\/paffen-sicherheit.de\\\/en\\\/\"},{\"@type\":\"ListItem\",\"position\":2,\"name\":\"Branchen\",\"item\":\"https:\\\/\\\/paffen-sicherheit.de\\\/en\\\/branches\\\/\"},{\"@type\":\"ListItem\",\"position\":3,\"name\":\"Sicherheit f\u00fcr den \u00d6PNV\"}]},{\"@type\":\"WebSite\",\"@id\":\"https:\\\/\\\/paffen-sicherheit.de\\\/en\\\/#website\",\"url\":\"https:\\\/\\\/paffen-sicherheit.de\\\/en\\\/\",\"name\":\"Paffen Sicherheit\",\"description\":\"\",\"publisher\":{\"@id\":\"https:\\\/\\\/paffen-sicherheit.de\\\/en\\\/#organization\"},\"potentialAction\":[{\"@type\":\"SearchAction\",\"target\":{\"@type\":\"EntryPoint\",\"urlTemplate\":\"https:\\\/\\\/paffen-sicherheit.de\\\/en\\\/?s={search_term_string}\"},\"query-input\":{\"@type\":\"PropertyValueSpecification\",\"valueRequired\":true,\"valueName\":\"search_term_string\"}}],\"inLanguage\":\"en-GB\"},{\"@type\":\"Organization\",\"@id\":\"https:\\\/\\\/paffen-sicherheit.de\\\/en\\\/#organization\",\"name\":\"Paffen Wach- und Sicherheitsdienst GmbH\",\"alternateName\":\"Paffen Sicherheitsdienst\",\"url\":\"https:\\\/\\\/paffen-sicherheit.de\\\/en\\\/\",\"logo\":{\"@type\":\"ImageObject\",\"inLanguage\":\"en-GB\",\"@id\":\"https:\\\/\\\/paffen-sicherheit.de\\\/en\\\/#\\\/schema\\\/logo\\\/image\\\/\",\"url\":\"https:\\\/\\\/paffen-sicherheit.de\\\/wp-content\\\/uploads\\\/cropped-paffenfavicon2.0.png\",\"contentUrl\":\"https:\\\/\\\/paffen-sicherheit.de\\\/wp-content\\\/uploads\\\/cropped-paffenfavicon2.0.png\",\"width\":512,\"height\":512,\"caption\":\"Paffen Wach- und Sicherheitsdienst GmbH\"},\"image\":{\"@id\":\"https:\\\/\\\/paffen-sicherheit.de\\\/en\\\/#\\\/schema\\\/logo\\\/image\\\/\"},\"sameAs\":[\"https:\\\/\\\/www.facebook.com\\\/paffen.sicherheit\\\/\",\"https:\\\/\\\/x.com\\\/InfoPaffen\",\"https:\\\/\\\/www.instagram.com\\\/paffensicherheit\\\/\",\"https:\\\/\\\/www.linkedin.com\\\/company\\\/paffen-wach-und-sicherheitsdienst-gmbh\\\/\"],\"description\":\"Lokal ans\u00e4ssiger Sicherheitsdienst f\u00fcr den Gro\u00dfraum NRW mit Standorten in Bonn, K\u00f6ln, D\u00fcsseldorf, Duisburg, Koblenz und Essen. Als mittelst\u00e4ndische, zertifizierte Sicherheitsfirma ist Paffen Wachdienst & Sicherheitsdienst f\u00fcr Gesch\u00e4fts- wie Privatkunden der erste Ansprechpartner f\u00fcr alle sicherheitsrelevanten Themen im Bereich Objektschutz, Werkschutz, Personenschutz, sowie Veranstaltungsschutz. Ladendetektiv und Sicherungsposten.\",\"email\":\"info@paffen-sicherheit.de\",\"telephone\":\"0228 97 27 55 36\",\"legalName\":\"Paffen Wach- und Sicherheitsdienst GmbH\"}]}<\/script>\n<!-- \/ Yoast SEO Premium plugin. -->","yoast_head_json":{"title":"Security for public transport | Paffen Sicherheitsdienst","description":"Security for public transport \u00bb Train escort \u2713 Ticket inspection \u2713 Track security \u2713 Property protection \u2713 Request a customised concept now!","robots":{"index":"index","follow":"follow","max-snippet":"max-snippet:-1","max-image-preview":"max-image-preview:large","max-video-preview":"max-video-preview:-1"},"canonical":"https:\/\/paffen-sicherheit.de\/en\/branches\/security-for-the-oepnv\/","og_locale":"en_GB","og_type":"article","og_title":"Sicherheit f\u00fcr den \u00d6PNV","og_description":"Sicherheit f\u00fcr den \u00d6PNV \u00bb Zugbegleitung \u2713 Fahrscheinkontrolle \u2713 Gleissicherung \u2713 Objektschutz \u2713 Jetzt individuelles Konzept anfragen!","og_url":"https:\/\/paffen-sicherheit.de\/en\/branches\/security-for-the-oepnv\/","og_site_name":"Paffen Sicherheit","article_publisher":"https:\/\/www.facebook.com\/paffen.sicherheit\/","article_modified_time":"2025-11-25T13:00:30+00:00","og_image":[{"width":1920,"height":1280,"url":"https:\/\/paffen-sicherheit.de\/wp-content\/uploads\/sicherheit-oepnv.jpg","type":"image\/jpeg"}],"twitter_card":"summary_large_image","twitter_site":"@InfoPaffen","twitter_misc":{"Estimated reading time":"4 minutes"},"schema":{"@context":"https:\/\/schema.org","@graph":[{"@type":"WebPage","@id":"https:\/\/paffen-sicherheit.de\/en\/wp-json\/wp\/v2\/pages\/8379","url":"https:\/\/paffen-sicherheit.de\/en\/wp-json\/wp\/v2\/pages\/8379","name":"Security for public transport | Paffen Sicherheitsdienst","isPartOf":{"@id":"https:\/\/paffen-sicherheit.de\/en\/#website"},"primaryImageOfPage":{"@id":"https:\/\/paffen-sicherheit.de\/en\/wp-json\/wp\/v2\/pages\/8379\/#primaryimage"},"image":{"@id":"https:\/\/paffen-sicherheit.de\/en\/wp-json\/wp\/v2\/pages\/8379\/#primaryimage"},"thumbnailUrl":"https:\/\/paffen-sicherheit.de\/wp-content\/uploads\/sicherheit-oepnv.jpg","datePublished":"2021-10-05T19:37:10+00:00","dateModified":"2025-11-25T13:00:30+00:00","description":"Security for public transport \u00bb Train escort \u2713 Ticket inspection \u2713 Track security \u2713 Property protection \u2713 Request a customised concept now!","breadcrumb":{"@id":"https:\/\/paffen-sicherheit.de\/en\/wp-json\/wp\/v2\/pages\/8379\/#breadcrumb"},"inLanguage":"en-GB","potentialAction":[{"@type":"ReadAction","target":["https:\/\/paffen-sicherheit.de\/en\/wp-json\/wp\/v2\/pages\/8379"]}]},{"@type":"ImageObject","inLanguage":"en-GB","@id":"https:\/\/paffen-sicherheit.de\/en\/wp-json\/wp\/v2\/pages\/8379\/#primaryimage","url":"https:\/\/paffen-sicherheit.de\/wp-content\/uploads\/sicherheit-oepnv.jpg","contentUrl":"https:\/\/paffen-sicherheit.de\/wp-content\/uploads\/sicherheit-oepnv.jpg","width":1920,"height":1280,"caption":"Wir lassen Gleise, Z\u00fcge und Geb\u00e4ude professionell vom Paffen Sicherheitsdienst bewachen. So sorgen wir f\u00fcr Sicherheit, auch f\u00fcr unsere Fahrg\u00e4ste."},{"@type":"BreadcrumbList","@id":"https:\/\/paffen-sicherheit.de\/en\/wp-json\/wp\/v2\/pages\/8379\/#breadcrumb","itemListElement":[{"@type":"ListItem","position":1,"name":"Start","item":"https:\/\/paffen-sicherheit.de\/en\/"},{"@type":"ListItem","position":2,"name":"Branchen","item":"https:\/\/paffen-sicherheit.de\/en\/branches\/"},{"@type":"ListItem","position":3,"name":"Sicherheit f\u00fcr den \u00d6PNV"}]},{"@type":"WebSite","@id":"https:\/\/paffen-sicherheit.de\/en\/#website","url":"https:\/\/paffen-sicherheit.de\/en\/","name":"Paffen Security","description":"","publisher":{"@id":"https:\/\/paffen-sicherheit.de\/en\/#organization"},"potentialAction":[{"@type":"SearchAction","target":{"@type":"EntryPoint","urlTemplate":"https:\/\/paffen-sicherheit.de\/en\/?s={search_term_string}"},"query-input":{"@type":"PropertyValueSpecification","valueRequired":true,"valueName":"search_term_string"}}],"inLanguage":"en-GB"},{"@type":"Organization","@id":"https:\/\/paffen-sicherheit.de\/en\/#organization","name":"Paffen Security Services GmbH","alternateName":"Paffen Sicherheitsdienst","url":"https:\/\/paffen-sicherheit.de\/en\/","logo":{"@type":"ImageObject","inLanguage":"en-GB","@id":"https:\/\/paffen-sicherheit.de\/en\/#\/schema\/logo\/image\/","url":"https:\/\/paffen-sicherheit.de\/wp-content\/uploads\/cropped-paffenfavicon2.0.png","contentUrl":"https:\/\/paffen-sicherheit.de\/wp-content\/uploads\/cropped-paffenfavicon2.0.png","width":512,"height":512,"caption":"Paffen Wach- und Sicherheitsdienst GmbH"},"image":{"@id":"https:\/\/paffen-sicherheit.de\/en\/#\/schema\/logo\/image\/"},"sameAs":["https:\/\/www.facebook.com\/paffen.sicherheit\/","https:\/\/x.com\/InfoPaffen","https:\/\/www.instagram.com\/paffensicherheit\/","https:\/\/www.linkedin.com\/company\/paffen-wach-und-sicherheitsdienst-gmbh\/"],"description":"Local security service for the wider NRW region with locations in Bonn, Cologne, D\u00fcsseldorf, Duisburg, Koblenz, and Essen. As a medium-sized, certified security company, Paffen Wachdienst &amp; Sicherheitsdienst is the first point of contact for both business and private clients for all security-related matters in the areas of property protection, industrial security, personal protection, and event security. Store detective and safety guard.","email":"info@paffen-sicherheit.de","telephone":"0228 97 27 55 36","legalName":"Paffen Wach- und Sicherheitsdienst GmbH"}]}},"_links":{"self":[{"href":"https:\/\/paffen-sicherheit.de\/en\/wp-json\/wp\/v2\/pages\/8379","targetHints":{"allow":["GET"]}}],"collection":[{"href":"https:\/\/paffen-sicherheit.de\/en\/wp-json\/wp\/v2\/pages"}],"about":[{"href":"https:\/\/paffen-sicherheit.de\/en\/wp-json\/wp\/v2\/types\/page"}],"author":[{"embeddable":true,"href":"https:\/\/paffen-sicherheit.de\/en\/wp-json\/wp\/v2\/users\/1"}],"replies":[{"embeddable":true,"href":"https:\/\/paffen-sicherheit.de\/en\/wp-json\/wp\/v2\/comments?post=8379"}],"version-history":[{"count":2,"href":"https:\/\/paffen-sicherheit.de\/en\/wp-json\/wp\/v2\/pages\/8379\/revisions"}],"predecessor-version":[{"id":10962,"href":"https:\/\/paffen-sicherheit.de\/en\/wp-json\/wp\/v2\/pages\/8379\/revisions\/10962"}],"up":[{"embeddable":true,"href":"https:\/\/paffen-sicherheit.de\/en\/wp-json\/wp\/v2\/pages\/7828"}],"wp:featuredmedia":[{"embeddable":true,"href":"https:\/\/paffen-sicherheit.de\/en\/wp-json\/wp\/v2\/media\/8375"}],"wp:attachment":[{"href":"https:\/\/paffen-sicherheit.de\/en\/wp-json\/wp\/v2\/media?parent=8379"}],"curies":[{"name":"wp","href":"https:\/\/api.w.org\/{rel}","templated":true}]}}