{"id":9028,"date":"2023-03-30T11:30:58","date_gmt":"2023-03-30T09:30:58","guid":{"rendered":"https:\/\/paffen-sicherheit.de\/?page_id=9028"},"modified":"2026-03-23T10:22:36","modified_gmt":"2026-03-23T09:22:36","slug":"construction-site-security-duisburg","status":"publish","type":"page","link":"https:\/\/paffen-sicherheit.de\/en\/standorte\/sicherheitsdienst-duisburg\/baustellenbewachung-duisburg\/","title":{"rendered":"Construction site security Duisburg"},"content":{"rendered":"","protected":false},"excerpt":{"rendered":"","protected":false},"author":4,"featured_media":9216,"parent":8835,"menu_order":0,"comment_status":"closed","ping_status":"closed","template":"","meta":{"_acf_changed":false,"footnotes":""},"class_list":["post-9028","page","type-page","status-publish","has-post-thumbnail","hentry"],"acf":[],"yoast_head":"<!-- This site is optimized with the Yoast SEO Premium plugin v27.4 (Yoast SEO v27.4) - https:\/\/yoast.com\/product\/yoast-seo-premium-wordpress\/ -->\n<title>Baustellenbewachung Duisburg | Paffen Sicherheit<\/title>\n<meta name=\"description\" content=\"Baustellenbewachung \u2713Regional im Raum Duisburg \u2713zertifizierten Sicherheitsdienstleister \u2713 transparente Vorgehensweise \u27a4 mehr erfahren\" \/>\n<meta name=\"robots\" content=\"index, follow, max-snippet:-1, max-image-preview:large, max-video-preview:-1\" \/>\n<link rel=\"canonical\" href=\"https:\/\/paffen-sicherheit.de\/en\/locations\/security-service-duisburg\/construction-site-security-duisburg\/\" \/>\n<meta property=\"og:locale\" content=\"en_GB\" \/>\n<meta property=\"og:type\" content=\"article\" \/>\n<meta property=\"og:title\" content=\"Baustellenbewachung Duisburg\" \/>\n<meta property=\"og:description\" content=\"Baustellenbewachung \u2713Regional im Raum Duisburg \u2713zertifizierten Sicherheitsdienstleister \u2713 transparente Vorgehensweise \u27a4 mehr erfahren\" \/>\n<meta property=\"og:url\" content=\"https:\/\/paffen-sicherheit.de\/en\/locations\/security-service-duisburg\/construction-site-security-duisburg\/\" \/>\n<meta property=\"og:site_name\" content=\"Paffen Sicherheit\" \/>\n<meta property=\"article:publisher\" content=\"https:\/\/www.facebook.com\/paffen.sicherheit\/\" \/>\n<meta property=\"article:modified_time\" content=\"2026-03-23T09:22:36+00:00\" \/>\n<meta property=\"og:image\" content=\"https:\/\/paffen-sicherheit.de\/wp-content\/uploads\/Paffen_Sicherheit_Baustellenbewachung_2023-1.jpg\" \/>\n\t<meta property=\"og:image:width\" content=\"1920\" \/>\n\t<meta property=\"og:image:height\" content=\"889\" \/>\n\t<meta property=\"og:image:type\" content=\"image\/jpeg\" \/>\n<meta name=\"twitter:card\" content=\"summary_large_image\" \/>\n<meta name=\"twitter:site\" content=\"@InfoPaffen\" \/>\n<meta name=\"twitter:label1\" content=\"Estimated reading time\" \/>\n\t<meta name=\"twitter:data1\" content=\"1 minute\" \/>\n<script type=\"application\/ld+json\" class=\"yoast-schema-graph\">{\"@context\":\"https:\\\/\\\/schema.org\",\"@graph\":[{\"@type\":\"WebPage\",\"@id\":\"https:\\\/\\\/paffen-sicherheit.de\\\/en\\\/wp-json\\\/wp\\\/v2\\\/pages\\\/9028\",\"url\":\"https:\\\/\\\/paffen-sicherheit.de\\\/en\\\/wp-json\\\/wp\\\/v2\\\/pages\\\/9028\",\"name\":\"Baustellenbewachung Duisburg | Paffen Sicherheit\",\"isPartOf\":{\"@id\":\"https:\\\/\\\/paffen-sicherheit.de\\\/en\\\/#website\"},\"primaryImageOfPage\":{\"@id\":\"https:\\\/\\\/paffen-sicherheit.de\\\/en\\\/wp-json\\\/wp\\\/v2\\\/pages\\\/9028\\\/#primaryimage\"},\"image\":{\"@id\":\"https:\\\/\\\/paffen-sicherheit.de\\\/en\\\/wp-json\\\/wp\\\/v2\\\/pages\\\/9028\\\/#primaryimage\"},\"thumbnailUrl\":\"https:\\\/\\\/paffen-sicherheit.de\\\/wp-content\\\/uploads\\\/Paffen_Sicherheit_Baustellenbewachung_2023-1.jpg\",\"datePublished\":\"2023-03-30T09:30:58+00:00\",\"dateModified\":\"2026-03-23T09:22:36+00:00\",\"description\":\"Baustellenbewachung \u2713Regional im Raum Duisburg \u2713zertifizierten Sicherheitsdienstleister \u2713 transparente Vorgehensweise \u27a4 mehr erfahren\",\"breadcrumb\":{\"@id\":\"https:\\\/\\\/paffen-sicherheit.de\\\/en\\\/wp-json\\\/wp\\\/v2\\\/pages\\\/9028\\\/#breadcrumb\"},\"inLanguage\":\"en-GB\",\"potentialAction\":[{\"@type\":\"ReadAction\",\"target\":[\"https:\\\/\\\/paffen-sicherheit.de\\\/en\\\/wp-json\\\/wp\\\/v2\\\/pages\\\/9028\"]}]},{\"@type\":\"ImageObject\",\"inLanguage\":\"en-GB\",\"@id\":\"https:\\\/\\\/paffen-sicherheit.de\\\/en\\\/wp-json\\\/wp\\\/v2\\\/pages\\\/9028\\\/#primaryimage\",\"url\":\"https:\\\/\\\/paffen-sicherheit.de\\\/wp-content\\\/uploads\\\/Paffen_Sicherheit_Baustellenbewachung_2023-1.jpg\",\"contentUrl\":\"https:\\\/\\\/paffen-sicherheit.de\\\/wp-content\\\/uploads\\\/Paffen_Sicherheit_Baustellenbewachung_2023-1.jpg\",\"width\":1920,\"height\":889,\"caption\":\"Paffen Sicherheit Baustellenbewachung in Ihrer Stadt\"},{\"@type\":\"BreadcrumbList\",\"@id\":\"https:\\\/\\\/paffen-sicherheit.de\\\/en\\\/wp-json\\\/wp\\\/v2\\\/pages\\\/9028\\\/#breadcrumb\",\"itemListElement\":[{\"@type\":\"ListItem\",\"position\":1,\"name\":\"Start\",\"item\":\"https:\\\/\\\/paffen-sicherheit.de\\\/en\\\/\"},{\"@type\":\"ListItem\",\"position\":2,\"name\":\"Standorte\",\"item\":\"https:\\\/\\\/paffen-sicherheit.de\\\/en\\\/locations\\\/\"},{\"@type\":\"ListItem\",\"position\":3,\"name\":\"Sicherheitsdienst Duisburg\",\"item\":\"https:\\\/\\\/paffen-sicherheit.de\\\/en\\\/locations\\\/security-service-duisburg\\\/\"},{\"@type\":\"ListItem\",\"position\":4,\"name\":\"Baustellenbewachung Duisburg\"}]},{\"@type\":\"WebSite\",\"@id\":\"https:\\\/\\\/paffen-sicherheit.de\\\/en\\\/#website\",\"url\":\"https:\\\/\\\/paffen-sicherheit.de\\\/en\\\/\",\"name\":\"Paffen Sicherheit\",\"description\":\"\",\"publisher\":{\"@id\":\"https:\\\/\\\/paffen-sicherheit.de\\\/en\\\/#organization\"},\"potentialAction\":[{\"@type\":\"SearchAction\",\"target\":{\"@type\":\"EntryPoint\",\"urlTemplate\":\"https:\\\/\\\/paffen-sicherheit.de\\\/en\\\/?s={search_term_string}\"},\"query-input\":{\"@type\":\"PropertyValueSpecification\",\"valueRequired\":true,\"valueName\":\"search_term_string\"}}],\"inLanguage\":\"en-GB\"},{\"@type\":\"Organization\",\"@id\":\"https:\\\/\\\/paffen-sicherheit.de\\\/en\\\/#organization\",\"name\":\"Paffen Wach- und Sicherheitsdienst GmbH\",\"alternateName\":\"Paffen Sicherheitsdienst\",\"url\":\"https:\\\/\\\/paffen-sicherheit.de\\\/en\\\/\",\"logo\":{\"@type\":\"ImageObject\",\"inLanguage\":\"en-GB\",\"@id\":\"https:\\\/\\\/paffen-sicherheit.de\\\/en\\\/#\\\/schema\\\/logo\\\/image\\\/\",\"url\":\"https:\\\/\\\/paffen-sicherheit.de\\\/wp-content\\\/uploads\\\/cropped-paffenfavicon2.0.png\",\"contentUrl\":\"https:\\\/\\\/paffen-sicherheit.de\\\/wp-content\\\/uploads\\\/cropped-paffenfavicon2.0.png\",\"width\":512,\"height\":512,\"caption\":\"Paffen Wach- und Sicherheitsdienst GmbH\"},\"image\":{\"@id\":\"https:\\\/\\\/paffen-sicherheit.de\\\/en\\\/#\\\/schema\\\/logo\\\/image\\\/\"},\"sameAs\":[\"https:\\\/\\\/www.facebook.com\\\/paffen.sicherheit\\\/\",\"https:\\\/\\\/x.com\\\/InfoPaffen\",\"https:\\\/\\\/www.instagram.com\\\/paffensicherheit\\\/\",\"https:\\\/\\\/www.linkedin.com\\\/company\\\/paffen-wach-und-sicherheitsdienst-gmbh\\\/\"],\"description\":\"Lokal ans\u00e4ssiger Sicherheitsdienst f\u00fcr den Gro\u00dfraum NRW mit Standorten in Bonn, K\u00f6ln, D\u00fcsseldorf, Duisburg, Koblenz und Essen. Als mittelst\u00e4ndische, zertifizierte Sicherheitsfirma ist Paffen Wachdienst & Sicherheitsdienst f\u00fcr Gesch\u00e4fts- wie Privatkunden der erste Ansprechpartner f\u00fcr alle sicherheitsrelevanten Themen im Bereich Objektschutz, Werkschutz, Personenschutz, sowie Veranstaltungsschutz. Ladendetektiv und Sicherungsposten.\",\"email\":\"info@paffen-sicherheit.de\",\"telephone\":\"0228 97 27 55 36\",\"legalName\":\"Paffen Wach- und Sicherheitsdienst GmbH\"}]}<\/script>\n<!-- \/ Yoast SEO Premium plugin. -->","yoast_head_json":{"title":"Construction site security Duisburg | Paffen Sicherheit","description":"Construction site security \u2713Regional in the Duisburg area \u2713Certified security service provider \u2713Transparent approach \u27a4 Learn more","robots":{"index":"index","follow":"follow","max-snippet":"max-snippet:-1","max-image-preview":"max-image-preview:large","max-video-preview":"max-video-preview:-1"},"canonical":"https:\/\/paffen-sicherheit.de\/en\/locations\/security-service-duisburg\/construction-site-security-duisburg\/","og_locale":"en_GB","og_type":"article","og_title":"Baustellenbewachung Duisburg","og_description":"Baustellenbewachung \u2713Regional im Raum Duisburg \u2713zertifizierten Sicherheitsdienstleister \u2713 transparente Vorgehensweise \u27a4 mehr erfahren","og_url":"https:\/\/paffen-sicherheit.de\/en\/locations\/security-service-duisburg\/construction-site-security-duisburg\/","og_site_name":"Paffen Sicherheit","article_publisher":"https:\/\/www.facebook.com\/paffen.sicherheit\/","article_modified_time":"2026-03-23T09:22:36+00:00","og_image":[{"width":1920,"height":889,"url":"https:\/\/paffen-sicherheit.de\/wp-content\/uploads\/Paffen_Sicherheit_Baustellenbewachung_2023-1.jpg","type":"image\/jpeg"}],"twitter_card":"summary_large_image","twitter_site":"@InfoPaffen","twitter_misc":{"Estimated reading time":"1 minute"},"schema":{"@context":"https:\/\/schema.org","@graph":[{"@type":"WebPage","@id":"https:\/\/paffen-sicherheit.de\/en\/wp-json\/wp\/v2\/pages\/9028","url":"https:\/\/paffen-sicherheit.de\/en\/wp-json\/wp\/v2\/pages\/9028","name":"Construction site security Duisburg | Paffen Sicherheit","isPartOf":{"@id":"https:\/\/paffen-sicherheit.de\/en\/#website"},"primaryImageOfPage":{"@id":"https:\/\/paffen-sicherheit.de\/en\/wp-json\/wp\/v2\/pages\/9028\/#primaryimage"},"image":{"@id":"https:\/\/paffen-sicherheit.de\/en\/wp-json\/wp\/v2\/pages\/9028\/#primaryimage"},"thumbnailUrl":"https:\/\/paffen-sicherheit.de\/wp-content\/uploads\/Paffen_Sicherheit_Baustellenbewachung_2023-1.jpg","datePublished":"2023-03-30T09:30:58+00:00","dateModified":"2026-03-23T09:22:36+00:00","description":"Construction site security \u2713Regional in the Duisburg area \u2713Certified security service provider \u2713Transparent approach \u27a4 Learn more","breadcrumb":{"@id":"https:\/\/paffen-sicherheit.de\/en\/wp-json\/wp\/v2\/pages\/9028\/#breadcrumb"},"inLanguage":"en-GB","potentialAction":[{"@type":"ReadAction","target":["https:\/\/paffen-sicherheit.de\/en\/wp-json\/wp\/v2\/pages\/9028"]}]},{"@type":"ImageObject","inLanguage":"en-GB","@id":"https:\/\/paffen-sicherheit.de\/en\/wp-json\/wp\/v2\/pages\/9028\/#primaryimage","url":"https:\/\/paffen-sicherheit.de\/wp-content\/uploads\/Paffen_Sicherheit_Baustellenbewachung_2023-1.jpg","contentUrl":"https:\/\/paffen-sicherheit.de\/wp-content\/uploads\/Paffen_Sicherheit_Baustellenbewachung_2023-1.jpg","width":1920,"height":889,"caption":"Paffen Sicherheit Baustellenbewachung in Ihrer Stadt"},{"@type":"BreadcrumbList","@id":"https:\/\/paffen-sicherheit.de\/en\/wp-json\/wp\/v2\/pages\/9028\/#breadcrumb","itemListElement":[{"@type":"ListItem","position":1,"name":"Start","item":"https:\/\/paffen-sicherheit.de\/en\/"},{"@type":"ListItem","position":2,"name":"Standorte","item":"https:\/\/paffen-sicherheit.de\/en\/locations\/"},{"@type":"ListItem","position":3,"name":"Sicherheitsdienst Duisburg","item":"https:\/\/paffen-sicherheit.de\/en\/locations\/security-service-duisburg\/"},{"@type":"ListItem","position":4,"name":"Baustellenbewachung Duisburg"}]},{"@type":"WebSite","@id":"https:\/\/paffen-sicherheit.de\/en\/#website","url":"https:\/\/paffen-sicherheit.de\/en\/","name":"Paffen Security","description":"","publisher":{"@id":"https:\/\/paffen-sicherheit.de\/en\/#organization"},"potentialAction":[{"@type":"SearchAction","target":{"@type":"EntryPoint","urlTemplate":"https:\/\/paffen-sicherheit.de\/en\/?s={search_term_string}"},"query-input":{"@type":"PropertyValueSpecification","valueRequired":true,"valueName":"search_term_string"}}],"inLanguage":"en-GB"},{"@type":"Organization","@id":"https:\/\/paffen-sicherheit.de\/en\/#organization","name":"Paffen Security Services GmbH","alternateName":"Paffen Sicherheitsdienst","url":"https:\/\/paffen-sicherheit.de\/en\/","logo":{"@type":"ImageObject","inLanguage":"en-GB","@id":"https:\/\/paffen-sicherheit.de\/en\/#\/schema\/logo\/image\/","url":"https:\/\/paffen-sicherheit.de\/wp-content\/uploads\/cropped-paffenfavicon2.0.png","contentUrl":"https:\/\/paffen-sicherheit.de\/wp-content\/uploads\/cropped-paffenfavicon2.0.png","width":512,"height":512,"caption":"Paffen Wach- und Sicherheitsdienst GmbH"},"image":{"@id":"https:\/\/paffen-sicherheit.de\/en\/#\/schema\/logo\/image\/"},"sameAs":["https:\/\/www.facebook.com\/paffen.sicherheit\/","https:\/\/x.com\/InfoPaffen","https:\/\/www.instagram.com\/paffensicherheit\/","https:\/\/www.linkedin.com\/company\/paffen-wach-und-sicherheitsdienst-gmbh\/"],"description":"Local security service for the wider NRW region with locations in Bonn, Cologne, D\u00fcsseldorf, Duisburg, Koblenz, and Essen. As a medium-sized, certified security company, Paffen Wachdienst &amp; Sicherheitsdienst is the first point of contact for both business and private clients for all security-related matters in the areas of property protection, industrial security, personal protection, and event security. Store detective and safety guard.","email":"info@paffen-sicherheit.de","telephone":"0228 97 27 55 36","legalName":"Paffen Wach- und Sicherheitsdienst GmbH"}]}},"_links":{"self":[{"href":"https:\/\/paffen-sicherheit.de\/en\/wp-json\/wp\/v2\/pages\/9028","targetHints":{"allow":["GET"]}}],"collection":[{"href":"https:\/\/paffen-sicherheit.de\/en\/wp-json\/wp\/v2\/pages"}],"about":[{"href":"https:\/\/paffen-sicherheit.de\/en\/wp-json\/wp\/v2\/types\/page"}],"author":[{"embeddable":true,"href":"https:\/\/paffen-sicherheit.de\/en\/wp-json\/wp\/v2\/users\/4"}],"replies":[{"embeddable":true,"href":"https:\/\/paffen-sicherheit.de\/en\/wp-json\/wp\/v2\/comments?post=9028"}],"version-history":[{"count":2,"href":"https:\/\/paffen-sicherheit.de\/en\/wp-json\/wp\/v2\/pages\/9028\/revisions"}],"predecessor-version":[{"id":11723,"href":"https:\/\/paffen-sicherheit.de\/en\/wp-json\/wp\/v2\/pages\/9028\/revisions\/11723"}],"up":[{"embeddable":true,"href":"https:\/\/paffen-sicherheit.de\/en\/wp-json\/wp\/v2\/pages\/8835"}],"wp:featuredmedia":[{"embeddable":true,"href":"https:\/\/paffen-sicherheit.de\/en\/wp-json\/wp\/v2\/media\/9216"}],"wp:attachment":[{"href":"https:\/\/paffen-sicherheit.de\/en\/wp-json\/wp\/v2\/media?parent=9028"}],"curies":[{"name":"wp","href":"https:\/\/api.w.org\/{rel}","templated":true}]}}